{"id":11,"date":"2017-11-26T13:20:29","date_gmt":"2017-11-26T12:20:29","guid":{"rendered":"http:\/\/japeyr.fr\/?page_id=11"},"modified":"2019-06-02T15:18:33","modified_gmt":"2019-06-02T14:18:33","slug":"fabrication","status":"publish","type":"page","link":"http:\/\/www.dequeker.com\/en\/fabrication\/","title":{"rendered":"Fabrication"},"content":{"rendered":"<p>&nbsp;<\/p>\n<h2>Tourn\u00e9es a la Main<\/h2>\n<h2><img loading=\"lazy\" class=\"alignnone size-medium wp-image-272\" src=\"http:\/\/japeyr.fr\/wp-content\/uploads\/2019\/02\/Dequeker-5-300x225.jpg\" alt=\"\" width=\"300\" height=\"225\" srcset=\"http:\/\/www.dequeker.com\/wp-content\/uploads\/2019\/02\/Dequeker-5-300x225.jpg 300w, http:\/\/www.dequeker.com\/wp-content\/uploads\/2019\/02\/Dequeker-5-768x576.jpg 768w, http:\/\/www.dequeker.com\/wp-content\/uploads\/2019\/02\/Dequeker-5-1024x768.jpg 1024w\" sizes=\"(max-width: 300px) 100vw, 300px\" \/><img loading=\"lazy\" class=\"alignnone size-medium wp-image-270\" src=\"http:\/\/japeyr.fr\/wp-content\/uploads\/2019\/02\/Dequeker-3-2-300x225.jpg\" alt=\"\" width=\"300\" height=\"225\" srcset=\"http:\/\/www.dequeker.com\/wp-content\/uploads\/2019\/02\/Dequeker-3-2-300x225.jpg 300w, http:\/\/www.dequeker.com\/wp-content\/uploads\/2019\/02\/Dequeker-3-2-768x576.jpg 768w, http:\/\/www.dequeker.com\/wp-content\/uploads\/2019\/02\/Dequeker-3-2-1024x768.jpg 1024w\" sizes=\"(max-width: 300px) 100vw, 300px\" \/><\/h2>\n<h2><img loading=\"lazy\" class=\"wp-image-284 alignnone\" src=\"http:\/\/japeyr.fr\/wp-content\/uploads\/2019\/02\/DSC04029-225x300.jpg\" alt=\"\" width=\"128\" height=\"171\" srcset=\"http:\/\/www.dequeker.com\/wp-content\/uploads\/2019\/02\/DSC04029-225x300.jpg 225w, http:\/\/www.dequeker.com\/wp-content\/uploads\/2019\/02\/DSC04029-768x1024.jpg 768w\" sizes=\"(max-width: 128px) 100vw, 128px\" \/>\u00a0\u00a0 <img loading=\"lazy\" class=\"wp-image-291 alignnone\" src=\"http:\/\/japeyr.fr\/wp-content\/uploads\/2019\/02\/IMG_9666-300x225.jpg\" alt=\"\" width=\"207\" height=\"156\" srcset=\"http:\/\/www.dequeker.com\/wp-content\/uploads\/2019\/02\/IMG_9666-300x225.jpg 300w, http:\/\/www.dequeker.com\/wp-content\/uploads\/2019\/02\/IMG_9666-768x576.jpg 768w, http:\/\/www.dequeker.com\/wp-content\/uploads\/2019\/02\/IMG_9666-1024x768.jpg 1024w\" sizes=\"(max-width: 207px) 100vw, 207px\" \/>\u00a0\u00a0 <img loading=\"lazy\" class=\"wp-image-290 alignnone\" src=\"http:\/\/japeyr.fr\/wp-content\/uploads\/2019\/02\/IMG_9663-300x200.jpg\" alt=\"\" width=\"208\" height=\"138\" srcset=\"http:\/\/www.dequeker.com\/wp-content\/uploads\/2019\/02\/IMG_9663-300x200.jpg 300w, http:\/\/www.dequeker.com\/wp-content\/uploads\/2019\/02\/IMG_9663-768x512.jpg 768w, http:\/\/www.dequeker.com\/wp-content\/uploads\/2019\/02\/IMG_9663-1024x683.jpg 1024w\" sizes=\"(max-width: 208px) 100vw, 208px\" \/><\/h2>\n<h2>\u00a0\u00a0<strong>DIFFERENTES ETAPES DE FABRICATION DE NOS POTS<\/strong><\/h2>\n<p>Nos poteries sont tourn\u00e9es \u00e0 la main (ni moules ni machines)<br \/>\nUn Jour plus tard, elles sont tournass\u00e9es (finition) assembl\u00e9es puis s\u00e9ch\u00e9es<\/p>\n<h2><img loading=\"lazy\" class=\"alignnone wp-image-273\" src=\"http:\/\/japeyr.fr\/wp-content\/uploads\/2019\/02\/Dequeker-6-225x300.jpg\" alt=\"\" width=\"212\" height=\"283\" srcset=\"http:\/\/www.dequeker.com\/wp-content\/uploads\/2019\/02\/Dequeker-6-225x300.jpg 225w, http:\/\/www.dequeker.com\/wp-content\/uploads\/2019\/02\/Dequeker-6-768x1024.jpg 768w\" sizes=\"(max-width: 212px) 100vw, 212px\" \/>\u00a0<img loading=\"lazy\" class=\"alignnone wp-image-280\" src=\"http:\/\/japeyr.fr\/wp-content\/uploads\/2019\/02\/DSC03937-225x300.jpg\" alt=\"\" width=\"185\" height=\"247\" srcset=\"http:\/\/www.dequeker.com\/wp-content\/uploads\/2019\/02\/DSC03937-225x300.jpg 225w, http:\/\/www.dequeker.com\/wp-content\/uploads\/2019\/02\/DSC03937-768x1024.jpg 768w\" sizes=\"(max-width: 185px) 100vw, 185px\" \/>\u00a0 <img loading=\"lazy\" class=\"alignnone wp-image-115\" src=\"http:\/\/japeyr.fr\/wp-content\/uploads\/2017\/11\/DSCF0762-300x225.jpg\" alt=\"\" width=\"237\" height=\"178\" srcset=\"http:\/\/www.dequeker.com\/wp-content\/uploads\/2017\/11\/DSCF0762-300x225.jpg 300w, http:\/\/www.dequeker.com\/wp-content\/uploads\/2017\/11\/DSCF0762-768x576.jpg 768w, http:\/\/www.dequeker.com\/wp-content\/uploads\/2017\/11\/DSCF0762-1024x768.jpg 1024w, http:\/\/www.dequeker.com\/wp-content\/uploads\/2017\/11\/DSCF0762.jpg 1600w\" sizes=\"(max-width: 237px) 100vw, 237px\" \/><\/h2>\n<p>pendant plusieurs jours\u00a0; elles seront \u00e9pong\u00e9es et cuites dans un four\u00a0: une dizaine d\u2019heures pour atteindre 950\u00b0C et 10 heures pour refroidir.<br \/>\nA cette \u00e9tape, \u00e0 l&#8217;\u00e9tat de &#8220;biscuit&#8221;, elles sont encore poreuses, ceci permettra d\u2019absorber une pellicule d\u2019\u00e9maillage par trempage\u00a0;<\/p>\n<p><img loading=\"lazy\" class=\" wp-image-142 alignnone\" src=\"http:\/\/www.dequeker.com\/wp-content\/uploads\/2018\/09\/IMG_6090-300x200.jpg\" alt=\"\" width=\"294\" height=\"196\" srcset=\"http:\/\/www.dequeker.com\/wp-content\/uploads\/2018\/09\/IMG_6090-300x200.jpg 300w, http:\/\/www.dequeker.com\/wp-content\/uploads\/2018\/09\/IMG_6090-768x512.jpg 768w, http:\/\/www.dequeker.com\/wp-content\/uploads\/2018\/09\/IMG_6090-1024x683.jpg 1024w\" sizes=\"(max-width: 294px) 100vw, 294px\" \/><img loading=\"lazy\" class=\"alignnone wp-image-126\" src=\"http:\/\/www.dequeker.com\/wp-content\/uploads\/2018\/09\/Dequeker-9-300x225.jpg\" alt=\"\" width=\"261\" height=\"196\" srcset=\"http:\/\/www.dequeker.com\/wp-content\/uploads\/2018\/09\/Dequeker-9-300x225.jpg 300w, http:\/\/www.dequeker.com\/wp-content\/uploads\/2018\/09\/Dequeker-9-768x576.jpg 768w, http:\/\/www.dequeker.com\/wp-content\/uploads\/2018\/09\/Dequeker-9-1024x768.jpg 1024w\" sizes=\"(max-width: 261px) 100vw, 261px\" \/><img loading=\"lazy\" class=\"alignnone wp-image-116\" src=\"http:\/\/www.dequeker.com\/wp-content\/uploads\/2017\/11\/DSCF0764-300x225.jpg\" alt=\"\" width=\"287\" height=\"215\" srcset=\"http:\/\/www.dequeker.com\/wp-content\/uploads\/2017\/11\/DSCF0764-300x225.jpg 300w, http:\/\/www.dequeker.com\/wp-content\/uploads\/2017\/11\/DSCF0764-768x576.jpg 768w, http:\/\/www.dequeker.com\/wp-content\/uploads\/2017\/11\/DSCF0764-1024x768.jpg 1024w, http:\/\/www.dequeker.com\/wp-content\/uploads\/2017\/11\/DSCF0764.jpg 1600w\" sizes=\"(max-width: 287px) 100vw, 287px\" \/><img loading=\"lazy\" class=\"alignnone wp-image-287\" src=\"http:\/\/japeyr.fr\/wp-content\/uploads\/2019\/02\/IMG_5954-300x200.jpg\" alt=\"\" width=\"326\" height=\"217\" srcset=\"http:\/\/www.dequeker.com\/wp-content\/uploads\/2019\/02\/IMG_5954-300x200.jpg 300w, http:\/\/www.dequeker.com\/wp-content\/uploads\/2019\/02\/IMG_5954-768x512.jpg 768w, http:\/\/www.dequeker.com\/wp-content\/uploads\/2019\/02\/IMG_5954-1024x683.jpg 1024w\" sizes=\"(max-width: 326px) 100vw, 326px\" \/><\/p>\n<p>&nbsp;<\/p>\n<p>Cette couche d\u2019\u00e9maillage contient diff\u00e9rents types d\u2019ingr\u00e9dients m\u00e9lang\u00e9 \u00e0 l&#8217;eau :<br \/>\na) Felspath et kaolin source de silice et d\u2019alumine seront les 3\/4 du m\u00e9lange, ils viennent de mines en France et sont l\u2019\u00e9quivalent du sable n\u00e9cessaire pour la couche de verre , mais ils sont d\u00e9j\u00e0 sous forme de fines poussi\u00e8res donc plus facile \u00e0 appliquer.<br \/>\nb) Les oxydes colorants\u00a0: fer noir, cuivre noir et cobalt<br \/>\nc) Un oxyde opacifiant\u00a0: le titane (modifie les couleurs comme du lait dans du caf\u00e9)<br \/>\nd) Un fondant\u00a0: le borax, qui remplace le plomb.<br \/>\nPour la s\u00e9curit\u00e9 de notre famille dans l\u2019atelier, de nos clients, nous avons \u00e9vit\u00e9 les mat\u00e9riaux toxiques\u00a0: tel l\u2019oxyde de plomb, l\u2019oxyde d\u2019\u00e9tain, de zinc etc. &#8230;.<br \/>\nLes pots apr\u00e8s avoir \u00e9t\u00e9 tremp\u00e9s dans l\u2019\u00e9maillage vont s\u00e9cher rapidement.<\/p>\n<p>A cette \u00e9tape, \u00e0 temp\u00e9rature ambiante, rien ne se passe, les conditions ne sont pas l\u00e0, l\u2019\u00e9maillage n\u2019est compos\u00e9 que des particules c\u00f4te \u00e0 c\u00f4te cit\u00e9es ci-dessus.<\/p>\n<p>Lorsque la temp\u00e9rature atteint 1200\u00b0C les conditions sont pr\u00e9sentes, la silice et l\u2019alumine aid\u00e9es par le borax vont fondre, le verre se forme, les oxydes colorants, opacifiants et le reste vont pouvoir r\u00e9agir chimiquement, ils se combinent selon leurs affinit\u00e9s. A ce stade, nous ne pouvons pas voir ce qui se passe: tout est rouge dans le four.<img loading=\"lazy\" class=\"size-medium wp-image-160 alignright\" src=\"http:\/\/www.dequeker.com\/wp-content\/uploads\/2018\/09\/WP_20160801_030-300x169.jpg\" alt=\"\" width=\"300\" height=\"169\" srcset=\"http:\/\/www.dequeker.com\/wp-content\/uploads\/2018\/09\/WP_20160801_030-300x169.jpg 300w, http:\/\/www.dequeker.com\/wp-content\/uploads\/2018\/09\/WP_20160801_030-768x432.jpg 768w, http:\/\/www.dequeker.com\/wp-content\/uploads\/2018\/09\/WP_20160801_030-1024x576.jpg 1024w\" sizes=\"(max-width: 300px) 100vw, 300px\" \/><\/p>\n<p>Une fois refroidi, la couleur de l\u2019\u00e9maillage sera le r\u00e9sultat visuel de ce qui s\u2019est pass\u00e9 chimiquement, tels les go\u00fbts pour le cuisinier seront le r\u00e9sultat de tout les ingr\u00e9dients qu\u2019il a mis en pr\u00e9sence.<\/p>\n<h2><img loading=\"lazy\" class=\"size-medium wp-image-179 alignright\" src=\"http:\/\/www.dequeker.com\/wp-content\/uploads\/2018\/09\/WP_20160801_084-300x169.jpg\" alt=\"\" width=\"300\" height=\"169\" srcset=\"http:\/\/www.dequeker.com\/wp-content\/uploads\/2018\/09\/WP_20160801_084-300x169.jpg 300w, http:\/\/www.dequeker.com\/wp-content\/uploads\/2018\/09\/WP_20160801_084-768x432.jpg 768w, http:\/\/www.dequeker.com\/wp-content\/uploads\/2018\/09\/WP_20160801_084-1024x576.jpg 1024w\" sizes=\"(max-width: 300px) 100vw, 300px\" \/><\/h2>\n<p>Nos \u00e9maux sont plut\u00f4t instables, semi-transparent ce qui permet des couleurs vives, des \u00e9maux plus opaques, plus stables vont rendre des couleurs plus pastelles, l\u2019industrie peut mieux g\u00e9rer ces derni\u00e8res\u00a0;<br \/>\nLa couleur\u00a0de l\u2019argile, avec la temp\u00e9rature, va devenir plus fonc\u00e9e et va permettre des effets suppl\u00e9mentaires; la pr\u00e9sence d oxyde de fer va pouvoir rendre des bleus de fer en oxydations gr\u00e2ce \u00e0 notre \u00e9maillage.<\/p>\n<p>La mati\u00e8re du pot sera identique au verre: donc compl\u00e9tement \u00e9tanche .<\/p>\n<h2><img loading=\"lazy\" class=\"alignnone size-medium wp-image-183\" src=\"http:\/\/japeyr.fr\/wp-content\/uploads\/2018\/09\/WP_20160801_093-300x169.jpg\" alt=\"\" width=\"300\" height=\"169\" srcset=\"http:\/\/www.dequeker.com\/wp-content\/uploads\/2018\/09\/WP_20160801_093-300x169.jpg 300w, http:\/\/www.dequeker.com\/wp-content\/uploads\/2018\/09\/WP_20160801_093-768x432.jpg 768w, http:\/\/www.dequeker.com\/wp-content\/uploads\/2018\/09\/WP_20160801_093-1024x576.jpg 1024w\" sizes=\"(max-width: 300px) 100vw, 300px\" \/><img loading=\"lazy\" class=\"alignnone size-medium wp-image-174\" src=\"http:\/\/www.dequeker.com\/wp-content\/uploads\/2018\/09\/WP_20160801_064-300x169.jpg\" alt=\"\" width=\"300\" height=\"169\" srcset=\"http:\/\/www.dequeker.com\/wp-content\/uploads\/2018\/09\/WP_20160801_064-300x169.jpg 300w, http:\/\/www.dequeker.com\/wp-content\/uploads\/2018\/09\/WP_20160801_064-768x432.jpg 768w, http:\/\/www.dequeker.com\/wp-content\/uploads\/2018\/09\/WP_20160801_064-1024x576.jpg 1024w\" sizes=\"(max-width: 300px) 100vw, 300px\" \/><\/h2>\n<h2><\/h2>\n<h2>M\u00e9thodes de d\u00e9coration<\/h2>\n<p>&#8211; par gravure avec le pot encore frais,<\/p>\n<p><img loading=\"lazy\" class=\"alignnone size-medium wp-image-262\" src=\"http:\/\/japeyr.fr\/wp-content\/uploads\/2019\/01\/DCP04177-300x225.jpg\" alt=\"\" width=\"300\" height=\"225\" srcset=\"http:\/\/www.dequeker.com\/wp-content\/uploads\/2019\/01\/DCP04177-300x225.jpg 300w, http:\/\/www.dequeker.com\/wp-content\/uploads\/2019\/01\/DCP04177-768x576.jpg 768w, http:\/\/www.dequeker.com\/wp-content\/uploads\/2019\/01\/DCP04177-1024x768.jpg 1024w, http:\/\/www.dequeker.com\/wp-content\/uploads\/2019\/01\/DCP04177.jpg 1152w\" sizes=\"(max-width: 300px) 100vw, 300px\" \/><img loading=\"lazy\" class=\"alignnone size-medium wp-image-255\" src=\"http:\/\/japeyr.fr\/wp-content\/uploads\/2019\/01\/DCP04170-300x225.jpg\" alt=\"\" width=\"300\" height=\"225\" srcset=\"http:\/\/www.dequeker.com\/wp-content\/uploads\/2019\/01\/DCP04170-300x225.jpg 300w, http:\/\/www.dequeker.com\/wp-content\/uploads\/2019\/01\/DCP04170-768x576.jpg 768w, http:\/\/www.dequeker.com\/wp-content\/uploads\/2019\/01\/DCP04170-1024x768.jpg 1024w, http:\/\/www.dequeker.com\/wp-content\/uploads\/2019\/01\/DCP04170.jpg 1152w\" sizes=\"(max-width: 300px) 100vw, 300px\" \/><img loading=\"lazy\" class=\"alignnone size-medium wp-image-151\" src=\"http:\/\/japeyr.fr\/wp-content\/uploads\/2018\/09\/WP_20160801_001-300x169.jpg\" alt=\"\" width=\"300\" height=\"169\" srcset=\"http:\/\/www.dequeker.com\/wp-content\/uploads\/2018\/09\/WP_20160801_001-300x169.jpg 300w, http:\/\/www.dequeker.com\/wp-content\/uploads\/2018\/09\/WP_20160801_001-768x432.jpg 768w, http:\/\/www.dequeker.com\/wp-content\/uploads\/2018\/09\/WP_20160801_001-1024x576.jpg 1024w\" sizes=\"(max-width: 300px) 100vw, 300px\" \/><img loading=\"lazy\" class=\"alignnone size-medium wp-image-152\" src=\"http:\/\/japeyr.fr\/wp-content\/uploads\/2018\/09\/WP_20160801_002-300x169.jpg\" alt=\"\" width=\"300\" height=\"169\" srcset=\"http:\/\/www.dequeker.com\/wp-content\/uploads\/2018\/09\/WP_20160801_002-300x169.jpg 300w, http:\/\/www.dequeker.com\/wp-content\/uploads\/2018\/09\/WP_20160801_002-768x432.jpg 768w, http:\/\/www.dequeker.com\/wp-content\/uploads\/2018\/09\/WP_20160801_002-1024x576.jpg 1024w\" sizes=\"(max-width: 300px) 100vw, 300px\" \/><\/p>\n<p>&#8211; par r\u00e9serve fait \u00e0 la cire, ensuite l&#8217;ajout d&#8217;oxydes pour donner les couleurs<img loading=\"lazy\" class=\"alignnone size-medium wp-image-154\" src=\"http:\/\/japeyr.fr\/wp-content\/uploads\/2018\/09\/WP_20160801_013-300x169.jpg\" alt=\"\" width=\"300\" height=\"169\" srcset=\"http:\/\/www.dequeker.com\/wp-content\/uploads\/2018\/09\/WP_20160801_013-300x169.jpg 300w, http:\/\/www.dequeker.com\/wp-content\/uploads\/2018\/09\/WP_20160801_013-768x432.jpg 768w, http:\/\/www.dequeker.com\/wp-content\/uploads\/2018\/09\/WP_20160801_013-1024x576.jpg 1024w\" sizes=\"(max-width: 300px) 100vw, 300px\" \/><img loading=\"lazy\" class=\"alignnone size-medium wp-image-155\" src=\"http:\/\/japeyr.fr\/wp-content\/uploads\/2018\/09\/WP_20160801_014-300x169.jpg\" alt=\"\" width=\"300\" height=\"169\" srcset=\"http:\/\/www.dequeker.com\/wp-content\/uploads\/2018\/09\/WP_20160801_014-300x169.jpg 300w, http:\/\/www.dequeker.com\/wp-content\/uploads\/2018\/09\/WP_20160801_014-768x432.jpg 768w, http:\/\/www.dequeker.com\/wp-content\/uploads\/2018\/09\/WP_20160801_014-1024x576.jpg 1024w\" sizes=\"(max-width: 300px) 100vw, 300px\" \/><\/p>\n<p>&#8211; Le &#8220;multicolor&#8221; est obtenu en peignant des bandes d&#8217;oxyde sur le pot &#8220;biscuit&#8221;<\/p>\n<p><img loading=\"lazy\" class=\"alignnone size-medium wp-image-380\" src=\"http:\/\/www.dequeker.com\/wp-content\/uploads\/2019\/02\/WP_20160801_085-300x169.jpg\" alt=\"\" width=\"300\" height=\"169\" srcset=\"http:\/\/www.dequeker.com\/wp-content\/uploads\/2019\/02\/WP_20160801_085-300x169.jpg 300w, http:\/\/www.dequeker.com\/wp-content\/uploads\/2019\/02\/WP_20160801_085-768x432.jpg 768w, http:\/\/www.dequeker.com\/wp-content\/uploads\/2019\/02\/WP_20160801_085-1024x576.jpg 1024w\" sizes=\"(max-width: 300px) 100vw, 300px\" \/><img loading=\"lazy\" class=\"alignnone size-medium wp-image-173\" src=\"http:\/\/www.dequeker.com\/wp-content\/uploads\/2018\/09\/WP_20160801_060-300x169.jpg\" alt=\"\" width=\"300\" height=\"169\" srcset=\"http:\/\/www.dequeker.com\/wp-content\/uploads\/2018\/09\/WP_20160801_060-300x169.jpg 300w, http:\/\/www.dequeker.com\/wp-content\/uploads\/2018\/09\/WP_20160801_060-768x432.jpg 768w, http:\/\/www.dequeker.com\/wp-content\/uploads\/2018\/09\/WP_20160801_060-1024x576.jpg 1024w\" sizes=\"(max-width: 300px) 100vw, 300px\" \/><\/p>\n<h2>Terre Rouge<\/h2>\n<p>L\u2019argile provient de pierres siliceuses, elle est 500 fois plus fine que le sable<\/p>\n<p>Celle que l&#8217;on utilise est l&#8217;Argile S\u00e9dimentaire, elle est partout ( briques et tuiles rouges) . Elle n&#8217;a juste besoin d&#8217;\u00eatre tamis\u00e9e.<\/p>\n<p>Cette farine de pierres a \u00e9t\u00e9 emport\u00e9e par la pluie pour finir dans les lacs, les inondations, les vall\u00e9es ;<\/p>\n<p>La pluie a aussi emport\u00e9 des impuret\u00e9s ; une d&#8217;entrelles a la m\u00eame densit\u00e9 et donc sera toujours pr\u00e9sente c&#8217;est l\u2019oxyde de fer.<br \/>\nCet oxyde de fer peut \u00eatre rouge, noir, ocre, (FeO , fe2O3 , fe3O4 &#8230;) il donnera principalement la couleur initiale de cette terre glaise\u00a0 mais une fois\u00a0 cuite dans un four avec de l\u2019oxyg\u00e8ne elle sera invariablement rouge (fe2O3 (briques et tuiles rouges).<\/p>\n<p>C\u2019est l\u2019argile que l\u2019on va en principe trouver partout en surface de la plan\u00e8te, dans tous les village, lorsque l\u2019on cherche de l\u2019argile, on l&#8217;appelle commun\u00e9ment la terre glaise.<\/p>\n<p>Les deux autres argiles: le Gr\u00e9s et le Kaolin se trouvent plut\u00f4t au fond d\u2019une carri\u00e8re, dans des endroits sp\u00e9cifiques, elles n&#8217;ont pas \u00e9t\u00e9 d\u00e9plac\u00e9es par la pluie\u00a0 donc\u00a0 sont plut\u00f4t pures et stables convenant bien \u00e0 un fonctionnement industriel ou artistique.<\/p>\n<p>Trop r\u00e9fractaires elles ne furent utilis\u00e9es pour la poterie que lorsque les Chinois ont pu d\u00e9velopp\u00e9 des fours qui montaient plus haut en temp\u00e9rature ils furent suivis par des europ\u00e9ens bien plus tard ( Gr\u00e8s- porcelaine ).<\/p>\n<p>Lorsque le porte-monnaie de la m\u00e9nag\u00e8re voulaient des poteries plus solides il fallait monter en temp\u00e9rature:<\/p>\n<p>L&#8217;Industrie en chine et ailleurs n&#8217;a pas\u00a0 d\u00e9velopp\u00e9 cette argile qui est rest\u00e9e en \u00e9tat &#8221; fa\u00efence rouge\u00a0 \u00e9maill\u00e9e&#8221; ( particules de silices partiellement ressoud\u00e9es , donc poteries poreuses et plut\u00f4t fragiles); elle n&#8217;a pas pu augmenter la temp\u00e9rature pour les deux raisons suivantes:<\/p>\n<p>a) Au del\u00e0 de la temp\u00e9rature de\u00a0 fa\u00efence\u00a0 le souffre pr\u00e9sent avec l&#8217;oxyde de fer commence \u00e0 d\u00e9velopper des gaz qui, en voulant sortir, produisent des bulles rugueuses et inesth\u00e9tiques\u00a0 dans l&#8217;\u00e9maillage;<\/p>\n<p>b) L\u2019oxyde de fer pr\u00e9sent va acc\u00e9l\u00e9rer la fusion et il y aura une petite plage de temp\u00e9rature entre la temp\u00e9rature de solidit\u00e9 maximale(vitrification) et celle o\u00f9 le pot va se d\u00e9former.<\/p>\n<p>L&#8217;Artiste manquant de pratique ne pourra pas contr\u00f4ler ces probl\u00e8mes techniques qui ne peuvent \u00eatre r\u00e9solus que dans un mode artisanale ou traditionnel .<\/p>\n<p>Nous sommes \u00e0 m\u00eame de venir \u00e0 bien de ces probl\u00e8mes techniques caus\u00e9s par cette argile instable et impure, un peu comme une grand m\u00e8re va pouvoir composer au mieux ce qu\u2019il y a dans ces placards tout en satisfaisant tous les aspects.<br \/>\nPour en arriver l\u00e0, la jeune maman doit faire la cuisine avec ce qui est disponible,\u00a0 tous les jours, doit faire plaisir \u00e0 tout le monde \u00e0 table (m\u00eame s\u2019il y a 10 personnes)\u00a0 avec\u00a0 son propre budget et dans tous les aspects.<br \/>\nFaire, par exemple, la cuisine une fois par mois juste pour se faire plaisir, resterait insuffisant.<\/p>\n<p>De retour de l&#8217;Inde o\u00f9 nous avions comme projet d&#8217;introduire l&#8217;\u00e9maillage aupr\u00e8s des potiers ruraux ,cette r\u00e9flexion nous a \u00e9t\u00e9 impos\u00e9e pour expliquer pourquoi personne sur la plan\u00e8te ( face aux nouvelles demandes de solidit\u00e9) n\u2019a fait de la bonne vaisselle avec cette glaise que l\u2019on trouve partout. (tuiles et briques)<\/p>\n<p>Nous \u00e9tions bien plac\u00e9s pour savoir que l\u2019on a pas d\u00e9couvert de techniques en particulier, nous ne sommes pas plus &#8220;intelligents&#8221; ni plus&#8221;dou\u00e9s&#8221;.<\/p>\n<p>Ce type de savoir faire empirique ne peut se construire que dans une approche artisanale, du type traditionnelle. Une approche, plus absorbante sans distinction, o\u00f9 la richesse d\u2019un aspect vient du reste .<\/p>\n<p>Pour plus d&#8217;explications voir notre page sur:<\/p>\n<p><strong><a class=\"row-title\" href=\"http:\/\/www.dequeker.com\/wp-admin\/post.php?post=416&#038;action=edit\" aria-label=\"\u00ab\u00a0Notes Philosophiques sur l\u2019obtention du savoir-faire dans la fabrication\u00a0\u00bb (Modifier)\">Notes Philosophiques sur l\u2019obtention du savoir-faire dans la fabrication<\/a><\/strong><\/p>\n<h2><\/h2>\n<h2><\/h2>\n<h3><\/h3>\n<p>&nbsp;<\/p>\n","protected":false},"excerpt":{"rendered":"<p>&nbsp; Tourn\u00e9es a la Main \u00a0\u00a0 \u00a0\u00a0 \u00a0\u00a0DIFFERENTES ETAPES DE FABRICATION DE NOS POTS Nos poteries sont tourn\u00e9es \u00e0 la main (ni moules ni machines) Un Jour plus tard, elles sont tournass\u00e9es (finition) assembl\u00e9es puis s\u00e9ch\u00e9es \u00a0\u00a0 pendant plusieurs jours\u00a0; elles seront \u00e9pong\u00e9es et cuites dans un four\u00a0: une dizaine d\u2019heures pour atteindre 950\u00b0C et &hellip; <a href=\"http:\/\/www.dequeker.com\/en\/fabrication\/\" class=\"more-link\">Continue reading <span class=\"screen-reader-text\">Fabrication<\/span><\/a><\/p>\n","protected":false},"author":1,"featured_media":0,"parent":0,"menu_order":0,"comment_status":"closed","ping_status":"closed","template":"","meta":[],"_links":{"self":[{"href":"http:\/\/www.dequeker.com\/en\/wp-json\/wp\/v2\/pages\/11"}],"collection":[{"href":"http:\/\/www.dequeker.com\/en\/wp-json\/wp\/v2\/pages"}],"about":[{"href":"http:\/\/www.dequeker.com\/en\/wp-json\/wp\/v2\/types\/page"}],"author":[{"embeddable":true,"href":"http:\/\/www.dequeker.com\/en\/wp-json\/wp\/v2\/users\/1"}],"replies":[{"embeddable":true,"href":"http:\/\/www.dequeker.com\/en\/wp-json\/wp\/v2\/comments?post=11"}],"version-history":[{"count":39,"href":"http:\/\/www.dequeker.com\/en\/wp-json\/wp\/v2\/pages\/11\/revisions"}],"predecessor-version":[{"id":464,"href":"http:\/\/www.dequeker.com\/en\/wp-json\/wp\/v2\/pages\/11\/revisions\/464"}],"wp:attachment":[{"href":"http:\/\/www.dequeker.com\/en\/wp-json\/wp\/v2\/media?parent=11"}],"curies":[{"name":"wp","href":"https:\/\/api.w.org\/{rel}","templated":true}]}}