{"id":23,"date":"2017-11-26T13:43:04","date_gmt":"2017-11-26T12:43:04","guid":{"rendered":"http:\/\/japeyr.fr\/?page_id=23"},"modified":"2019-12-21T12:01:55","modified_gmt":"2019-12-21T12:01:55","slug":"ou-nous-trouver","status":"publish","type":"page","link":"http:\/\/www.dequeker.com\/en\/ou-nous-trouver\/","title":{"rendered":"O\u00f9 Nous Trouver \/ nous Contacter"},"content":{"rendered":"<h2>Atelier \/ Vente<\/h2>\n<p>Les Pierres, Saint Georges La Pouge, 23250 France<br \/>\nTel: +33 555 666 528\u00a0 mobile +33613055590 ,+33631093300<br \/>\ninfo@dequeker.com ou jp@dequeker.com<\/p>\n<p><a href=\"https:\/\/goo.gl\/maps\/DZivGUx3m6U2\" target=\"_blank\" rel=\"noopener\"><img loading=\"lazy\" class=\"alignnone wp-image-297 size-full\" src=\"http:\/\/japeyr.fr\/wp-content\/uploads\/2017\/11\/GoogleMap.png\" alt=\"\" width=\"724\" height=\"474\" srcset=\"http:\/\/www.dequeker.com\/wp-content\/uploads\/2017\/11\/GoogleMap.png 724w, http:\/\/www.dequeker.com\/wp-content\/uploads\/2017\/11\/GoogleMap-300x196.png 300w\" sizes=\"(max-width: 724px) 100vw, 724px\" \/><\/a><\/p>\n<h2>Points de Vente<\/h2>\n<h4>Boutique \u00e0 Ahun<\/h4>\n<p>Route d&#8217;Aubusson, Ahun, 23150 France<br \/>\nTel: 05 55 62 55 46\u00a0 ouvert les apr\u00e9s-midi de 14h30\u00e0 19h l&#8217;\u00e9t\u00e9\u00a0 et f\u00eates de fin d&#8217;ann\u00e9e sans interruption 10h-19h<\/p>\n<p><a href=\"https:\/\/goo.gl\/maps\/GtarcBMdwLC2\"><img loading=\"lazy\" class=\"alignnone wp-image-397 size-thumbnail\" src=\"http:\/\/japeyr.fr\/wp-content\/uploads\/2017\/11\/carte-ahun-150x150.png\" alt=\"\" width=\"150\" height=\"150\" \/><\/a><\/p>\n<h4>Lac de Vassivi\u00e8re<\/h4>\n<p>Lionel et Pallavi Dequeker \u00a0 \u00a0 avec restaurant Indien<\/p>\n<p>Broussas, Faux la Montagne 23340 France<\/p>\n<p>Tel: +33616314642<\/p>\n<p><a href=\"https:\/\/goo.gl\/maps\/8ZsJPuZrnyL2\" target=\"_blank\" rel=\"noopener\"><img loading=\"lazy\" class=\"alignnone wp-image-406 size-thumbnail\" src=\"http:\/\/japeyr.fr\/wp-content\/uploads\/2017\/11\/carte-lionel-vaasiviere-150x150.png\" alt=\"\" width=\"150\" height=\"150\" \/><\/a><\/p>\n<h4><strong>Felletin<\/strong><\/h4>\n<p>Lionel et Pallavi Dequeker Tel: +33616314642<\/p>\n<h3>P\u00e9pini\u00e8re de Chlo\u00eb Dequeker\u00a0 Jardins de Peyreladas<\/h3>\n<p>Peyreladas, Ars, 23480 France<br \/>\nTel: +33781148411<\/p>\n<p>(carte)<\/p>\n","protected":false},"excerpt":{"rendered":"<p>Atelier \/ Vente Les Pierres, Saint Georges La Pouge, 23250 France Tel: +33 555 666 528\u00a0 mobile +33613055590 ,+33631093300 info@dequeker.com ou jp@dequeker.com Points de Vente Boutique \u00e0 Ahun Route d&#8217;Aubusson, Ahun, 23150 France Tel: 05 55 62 55 46\u00a0 ouvert les apr\u00e9s-midi de 14h30\u00e0 19h l&#8217;\u00e9t\u00e9\u00a0 et f\u00eates de fin d&#8217;ann\u00e9e sans interruption 10h-19h Lac &hellip; <a href=\"http:\/\/www.dequeker.com\/en\/ou-nous-trouver\/\" class=\"more-link\">Continue reading <span class=\"screen-reader-text\">O\u00f9 Nous Trouver \/ nous Contacter<\/span><\/a><\/p>\n","protected":false},"author":1,"featured_media":0,"parent":0,"menu_order":0,"comment_status":"closed","ping_status":"closed","template":"","meta":[],"_links":{"self":[{"href":"http:\/\/www.dequeker.com\/en\/wp-json\/wp\/v2\/pages\/23"}],"collection":[{"href":"http:\/\/www.dequeker.com\/en\/wp-json\/wp\/v2\/pages"}],"about":[{"href":"http:\/\/www.dequeker.com\/en\/wp-json\/wp\/v2\/types\/page"}],"author":[{"embeddable":true,"href":"http:\/\/www.dequeker.com\/en\/wp-json\/wp\/v2\/users\/1"}],"replies":[{"embeddable":true,"href":"http:\/\/www.dequeker.com\/en\/wp-json\/wp\/v2\/comments?post=23"}],"version-history":[{"count":36,"href":"http:\/\/www.dequeker.com\/en\/wp-json\/wp\/v2\/pages\/23\/revisions"}],"predecessor-version":[{"id":493,"href":"http:\/\/www.dequeker.com\/en\/wp-json\/wp\/v2\/pages\/23\/revisions\/493"}],"wp:attachment":[{"href":"http:\/\/www.dequeker.com\/en\/wp-json\/wp\/v2\/media?parent=23"}],"curies":[{"name":"wp","href":"https:\/\/api.w.org\/{rel}","templated":true}]}}