{"id":29,"date":"2017-11-26T13:44:57","date_gmt":"2017-11-26T12:44:57","guid":{"rendered":"http:\/\/japeyr.fr\/?page_id=29"},"modified":"2019-12-21T11:49:12","modified_gmt":"2019-12-21T11:49:12","slug":"historique","status":"publish","type":"page","link":"http:\/\/www.dequeker.com\/en\/historique\/","title":{"rendered":"Historique"},"content":{"rendered":"<p>Mari\u00e9s en 1979 \u00e0 l&#8217;age de 18 et 20 ans<\/p>\n<p>Mich\u00e8le DEQUEKER \u00e0 l&#8217;origine de la Poterie\u00a0 \u00e9tait\u00a0 alors \u00e9tudiante en C\u00e9ramique et arts appliqu\u00e9s \u00e0 &#8220;Hornsey Art College&#8221; \u00e0 Londres<\/p>\n<p>Jean-Pierre Dequeker ,\u00a0 \u00e0 l&#8217;origine \u00e9lectronicien rejoint le projet de poterie d\u00e8s 1973 ; 18 mois en Creuse suivi de 4 ans au pays de Galles (forme\u00a0 autodidacte d&#8217;apprentissage )<\/p>\n<p>Inscription \u00e0 la chambre des m\u00e9tiers \u00e0 Gu\u00e9ret en Creuse depuis 1979.<\/p>\n<p>Projet\u00a0 chez le potier rural en Inde: \u00a0 \u00a0 \u00a0 \u00a0 \u00a0 \u00a0 \u00a0 \u00a0 \u00a0 \u00a0 \u00a0 \u00a0 \u00a0 \u00a0 \u00a0 \u00a0 \u00a0 \u00a0 \u00a0 \u00a0 \u00a0 \u00a0 \u00a0 \u00a0 \u00a0 \u00a0 \u00a0 \u00a0\u00a0 le remplacement des\u00a0 poteries brutes et poreuses qui\u00a0 se salissent d\u00e9s la premi\u00e8re utilisation,\u00a0 n&#8217;\u00e9tant\u00a0 plus possible nous\u00a0 avions cr\u00e9er un\u00a0 projet d&#8217;introduction \u00e0 l&#8217;\u00e9maillage .<\/p>\n<p>&nbsp;<\/p>\n<p><img loading=\"lazy\" class=\"alignnone wp-image-314\" src=\"http:\/\/japeyr.fr\/wp-content\/uploads\/2019\/02\/scan-1987703-300x187.jpg\" alt=\"\" width=\"249\" height=\"155\" srcset=\"http:\/\/www.dequeker.com\/wp-content\/uploads\/2019\/02\/scan-1987703-300x187.jpg 300w, http:\/\/www.dequeker.com\/wp-content\/uploads\/2019\/02\/scan-1987703-768x478.jpg 768w, http:\/\/www.dequeker.com\/wp-content\/uploads\/2019\/02\/scan-1987703-1024x637.jpg 1024w, http:\/\/www.dequeker.com\/wp-content\/uploads\/2019\/02\/scan-1987703-825x510.jpg 825w, http:\/\/www.dequeker.com\/wp-content\/uploads\/2019\/02\/scan-1987703.jpg 1663w\" sizes=\"(max-width: 249px) 100vw, 249px\" \/><img loading=\"lazy\" class=\"alignnone size-medium wp-image-309\" src=\"http:\/\/japeyr.fr\/wp-content\/uploads\/2019\/02\/old-photos-scans091-300x177.jpg\" alt=\"\" width=\"300\" height=\"177\" srcset=\"http:\/\/www.dequeker.com\/wp-content\/uploads\/2019\/02\/old-photos-scans091-300x177.jpg 300w, http:\/\/www.dequeker.com\/wp-content\/uploads\/2019\/02\/old-photos-scans091-768x452.jpg 768w, http:\/\/www.dequeker.com\/wp-content\/uploads\/2019\/02\/old-photos-scans091-1024x603.jpg 1024w, http:\/\/www.dequeker.com\/wp-content\/uploads\/2019\/02\/old-photos-scans091.jpg 1664w\" sizes=\"(max-width: 300px) 100vw, 300px\" \/><\/p>\n<p><img loading=\"lazy\" class=\"alignnone wp-image-310\" src=\"http:\/\/japeyr.fr\/wp-content\/uploads\/2019\/02\/old-photos-scans267-e1550673628756-300x181.jpg\" alt=\"\" width=\"195\" height=\"118\" srcset=\"http:\/\/www.dequeker.com\/wp-content\/uploads\/2019\/02\/old-photos-scans267-e1550673628756-300x181.jpg 300w, http:\/\/www.dequeker.com\/wp-content\/uploads\/2019\/02\/old-photos-scans267-e1550673628756-768x463.jpg 768w, http:\/\/www.dequeker.com\/wp-content\/uploads\/2019\/02\/old-photos-scans267-e1550673628756-1024x617.jpg 1024w, http:\/\/www.dequeker.com\/wp-content\/uploads\/2019\/02\/old-photos-scans267-e1550673628756.jpg 1684w\" sizes=\"(max-width: 195px) 100vw, 195px\" \/><img loading=\"lazy\" class=\"alignnone wp-image-316\" src=\"http:\/\/japeyr.fr\/wp-content\/uploads\/2019\/02\/scan-1987896-190x300.jpg\" alt=\"\" width=\"127\" height=\"201\" srcset=\"http:\/\/www.dequeker.com\/wp-content\/uploads\/2019\/02\/scan-1987896-190x300.jpg 190w, http:\/\/www.dequeker.com\/wp-content\/uploads\/2019\/02\/scan-1987896-768x1212.jpg 768w, http:\/\/www.dequeker.com\/wp-content\/uploads\/2019\/02\/scan-1987896-649x1024.jpg 649w, http:\/\/www.dequeker.com\/wp-content\/uploads\/2019\/02\/scan-1987896.jpg 1023w\" sizes=\"(max-width: 127px) 100vw, 127px\" \/><img loading=\"lazy\" class=\"alignnone wp-image-315\" src=\"http:\/\/japeyr.fr\/wp-content\/uploads\/2019\/02\/scan-1987877-300x184.jpg\" alt=\"\" width=\"204\" height=\"125\" srcset=\"http:\/\/www.dequeker.com\/wp-content\/uploads\/2019\/02\/scan-1987877-300x184.jpg 300w, http:\/\/www.dequeker.com\/wp-content\/uploads\/2019\/02\/scan-1987877-768x472.jpg 768w, http:\/\/www.dequeker.com\/wp-content\/uploads\/2019\/02\/scan-1987877-1024x629.jpg 1024w, http:\/\/www.dequeker.com\/wp-content\/uploads\/2019\/02\/scan-1987877-825x510.jpg 825w, http:\/\/www.dequeker.com\/wp-content\/uploads\/2019\/02\/scan-1987877.jpg 1680w\" sizes=\"(max-width: 204px) 100vw, 204px\" \/><\/p>\n<p><img loading=\"lazy\" class=\"alignnone wp-image-324\" src=\"http:\/\/japeyr.fr\/wp-content\/uploads\/2019\/02\/scan-1994873-179x300.jpg\" alt=\"\" width=\"132\" height=\"221\" srcset=\"http:\/\/www.dequeker.com\/wp-content\/uploads\/2019\/02\/scan-1994873-179x300.jpg 179w, http:\/\/www.dequeker.com\/wp-content\/uploads\/2019\/02\/scan-1994873-768x1284.jpg 768w, http:\/\/www.dequeker.com\/wp-content\/uploads\/2019\/02\/scan-1994873-612x1024.jpg 612w, http:\/\/www.dequeker.com\/wp-content\/uploads\/2019\/02\/scan-1994873.jpg 1012w\" sizes=\"(max-width: 132px) 100vw, 132px\" \/> <img loading=\"lazy\" class=\"alignnone wp-image-321\" src=\"http:\/\/japeyr.fr\/wp-content\/uploads\/2019\/02\/scan-1994260-300x183.jpg\" alt=\"\" width=\"191\" height=\"116\" srcset=\"http:\/\/www.dequeker.com\/wp-content\/uploads\/2019\/02\/scan-1994260-300x183.jpg 300w, http:\/\/www.dequeker.com\/wp-content\/uploads\/2019\/02\/scan-1994260-768x468.jpg 768w, http:\/\/www.dequeker.com\/wp-content\/uploads\/2019\/02\/scan-1994260-1024x624.jpg 1024w, http:\/\/www.dequeker.com\/wp-content\/uploads\/2019\/02\/scan-1994260.jpg 1679w\" sizes=\"(max-width: 191px) 100vw, 191px\" \/><img loading=\"lazy\" class=\"alignnone wp-image-312\" src=\"http:\/\/japeyr.fr\/wp-content\/uploads\/2019\/02\/scan-1987545-300x212.jpg\" alt=\"\" width=\"183\" height=\"129\" srcset=\"http:\/\/www.dequeker.com\/wp-content\/uploads\/2019\/02\/scan-1987545-300x212.jpg 300w, http:\/\/www.dequeker.com\/wp-content\/uploads\/2019\/02\/scan-1987545-768x542.jpg 768w, http:\/\/www.dequeker.com\/wp-content\/uploads\/2019\/02\/scan-1987545-1024x723.jpg 1024w, http:\/\/www.dequeker.com\/wp-content\/uploads\/2019\/02\/scan-1987545.jpg 1676w\" sizes=\"(max-width: 183px) 100vw, 183px\" \/> <img loading=\"lazy\" class=\"alignnone wp-image-322\" src=\"http:\/\/japeyr.fr\/wp-content\/uploads\/2019\/02\/scan-1994617-300x187.jpg\" alt=\"\" width=\"194\" height=\"121\" srcset=\"http:\/\/www.dequeker.com\/wp-content\/uploads\/2019\/02\/scan-1994617-300x187.jpg 300w, http:\/\/www.dequeker.com\/wp-content\/uploads\/2019\/02\/scan-1994617-768x478.jpg 768w, http:\/\/www.dequeker.com\/wp-content\/uploads\/2019\/02\/scan-1994617-1024x637.jpg 1024w, http:\/\/www.dequeker.com\/wp-content\/uploads\/2019\/02\/scan-1994617-825x510.jpg 825w, http:\/\/www.dequeker.com\/wp-content\/uploads\/2019\/02\/scan-1994617.jpg 1672w\" sizes=\"(max-width: 194px) 100vw, 194px\" \/>\u00a0<img loading=\"lazy\" class=\"alignnone wp-image-324\" src=\"http:\/\/japeyr.fr\/wp-content\/uploads\/2019\/02\/scan-1994873-179x300.jpg\" alt=\"\" width=\"132\" height=\"221\" srcset=\"http:\/\/www.dequeker.com\/wp-content\/uploads\/2019\/02\/scan-1994873-179x300.jpg 179w, http:\/\/www.dequeker.com\/wp-content\/uploads\/2019\/02\/scan-1994873-768x1284.jpg 768w, http:\/\/www.dequeker.com\/wp-content\/uploads\/2019\/02\/scan-1994873-612x1024.jpg 612w, http:\/\/www.dequeker.com\/wp-content\/uploads\/2019\/02\/scan-1994873.jpg 1012w\" sizes=\"(max-width: 132px) 100vw, 132px\" \/><img loading=\"lazy\" class=\"alignnone wp-image-320\" src=\"http:\/\/japeyr.fr\/wp-content\/uploads\/2019\/02\/scan-1994256-300x183.jpg\" alt=\"\" width=\"204\" height=\"125\" srcset=\"http:\/\/www.dequeker.com\/wp-content\/uploads\/2019\/02\/scan-1994256-300x183.jpg 300w, http:\/\/www.dequeker.com\/wp-content\/uploads\/2019\/02\/scan-1994256-768x468.jpg 768w, http:\/\/www.dequeker.com\/wp-content\/uploads\/2019\/02\/scan-1994256-1024x624.jpg 1024w, http:\/\/www.dequeker.com\/wp-content\/uploads\/2019\/02\/scan-1994256-825x510.jpg 825w, http:\/\/www.dequeker.com\/wp-content\/uploads\/2019\/02\/scan-1994256.jpg 1684w\" sizes=\"(max-width: 204px) 100vw, 204px\" \/>\u00a0 <img loading=\"lazy\" class=\"alignnone size-medium wp-image-319\" src=\"http:\/\/japeyr.fr\/wp-content\/uploads\/2019\/02\/scan-1994243-300x183.jpg\" alt=\"\" width=\"300\" height=\"183\" srcset=\"http:\/\/www.dequeker.com\/wp-content\/uploads\/2019\/02\/scan-1994243-300x183.jpg 300w, http:\/\/www.dequeker.com\/wp-content\/uploads\/2019\/02\/scan-1994243-768x468.jpg 768w, http:\/\/www.dequeker.com\/wp-content\/uploads\/2019\/02\/scan-1994243-1024x623.jpg 1024w, http:\/\/www.dequeker.com\/wp-content\/uploads\/2019\/02\/scan-1994243.jpg 1687w\" sizes=\"(max-width: 300px) 100vw, 300px\" \/> <img loading=\"lazy\" class=\"alignnone size-medium wp-image-318\" src=\"http:\/\/japeyr.fr\/wp-content\/uploads\/2019\/02\/scan-1994085-185x300.jpg\" alt=\"\" width=\"185\" height=\"300\" srcset=\"http:\/\/www.dequeker.com\/wp-content\/uploads\/2019\/02\/scan-1994085-185x300.jpg 185w, http:\/\/www.dequeker.com\/wp-content\/uploads\/2019\/02\/scan-1994085-768x1244.jpg 768w, http:\/\/www.dequeker.com\/wp-content\/uploads\/2019\/02\/scan-1994085-632x1024.jpg 632w, http:\/\/www.dequeker.com\/wp-content\/uploads\/2019\/02\/scan-1994085.jpg 1015w\" sizes=\"(max-width: 185px) 100vw, 185px\" \/><\/p>\n<p>&nbsp;<\/p>\n<p>&nbsp;<\/p>\n<p>&nbsp;<\/p>\n<p>&nbsp;<\/p>\n","protected":false},"excerpt":{"rendered":"<p>Mari\u00e9s en 1979 \u00e0 l&#8217;age de 18 et 20 ans Mich\u00e8le DEQUEKER \u00e0 l&#8217;origine de la Poterie\u00a0 \u00e9tait\u00a0 alors \u00e9tudiante en C\u00e9ramique et arts appliqu\u00e9s \u00e0 &#8220;Hornsey Art College&#8221; \u00e0 Londres Jean-Pierre Dequeker ,\u00a0 \u00e0 l&#8217;origine \u00e9lectronicien rejoint le projet de poterie d\u00e8s 1973 ; 18 mois en Creuse suivi de 4 ans au pays &hellip; <a href=\"http:\/\/www.dequeker.com\/en\/historique\/\" class=\"more-link\">Continue reading <span class=\"screen-reader-text\">Historique<\/span><\/a><\/p>\n","protected":false},"author":1,"featured_media":0,"parent":0,"menu_order":0,"comment_status":"closed","ping_status":"closed","template":"","meta":[],"_links":{"self":[{"href":"http:\/\/www.dequeker.com\/en\/wp-json\/wp\/v2\/pages\/29"}],"collection":[{"href":"http:\/\/www.dequeker.com\/en\/wp-json\/wp\/v2\/pages"}],"about":[{"href":"http:\/\/www.dequeker.com\/en\/wp-json\/wp\/v2\/types\/page"}],"author":[{"embeddable":true,"href":"http:\/\/www.dequeker.com\/en\/wp-json\/wp\/v2\/users\/1"}],"replies":[{"embeddable":true,"href":"http:\/\/www.dequeker.com\/en\/wp-json\/wp\/v2\/comments?post=29"}],"version-history":[{"count":12,"href":"http:\/\/www.dequeker.com\/en\/wp-json\/wp\/v2\/pages\/29\/revisions"}],"predecessor-version":[{"id":488,"href":"http:\/\/www.dequeker.com\/en\/wp-json\/wp\/v2\/pages\/29\/revisions\/488"}],"wp:attachment":[{"href":"http:\/\/www.dequeker.com\/en\/wp-json\/wp\/v2\/media?parent=29"}],"curies":[{"name":"wp","href":"https:\/\/api.w.org\/{rel}","templated":true}]}}