{"id":416,"date":"2019-03-31T15:08:03","date_gmt":"2019-03-31T13:08:03","guid":{"rendered":"http:\/\/japeyr.fr\/?page_id=416"},"modified":"2019-06-05T19:27:15","modified_gmt":"2019-06-05T18:27:15","slug":"notes-philosophiques-sur-le-developement-du-savoir-faire","status":"publish","type":"page","link":"http:\/\/www.dequeker.com\/en\/notes-philosophiques-sur-le-developement-du-savoir-faire\/","title":{"rendered":"Notes Philosophiques sur l&#8217;obtention du savoir-faire dans la fabrication"},"content":{"rendered":"<h3><\/h3>\n<p>Une approche plus artisanale, traditionnelle, plus r\u00e9elle est celle o\u00f9 1000 aspects sont pris en compte dans une seule action ou un seul produit\u00a0;<br \/>\nLe contraire, une approche artificielle, virtuelle, est celle lorsqu\u2019un seul aspect m\u00e8ne \u00e0 1000 actions<br \/>\nC\u2019est dans ce changement d\u2019approche que les efficacit\u00e9s des artisans d\u2019autrefois sont\u00a0 plut\u00f4t devenues leurs propres handicaps.<br \/>\nA l\u2019inverse, pour nous, se sont reconstruits\u00a0 en quarante ans, dans un monde plut\u00f4t rural les efficacit\u00e9s suivantes\u00a0:<br \/>\na) Lorsque nous tournons \u00e0 la main nous cr\u00e9ons de la diversit\u00e9 n\u00e9cessaire pour\u00a0 mieux vendre dans une commercialisation directe et plus locale. \u00a0\u00a0\u00a0\u00a0\u00a0\u00a0\u00a0\u00a0\u00a0\u00a0\u00a0\u00a0\u00a0\u00a0\u00a0\u00a0\u00a0\u00a0\u00a0\u00a0\u00a0\u00a0\u00a0\u00a0\u00a0\u00a0 \u00a0 \u00a0 \u00a0\u00a0 Si nous n&#8217;avions que\u00a0 des moules ou des machines ou si nous avions sp\u00e9cialis\u00e9, le march\u00e9 local se serait bien vite satur\u00e9 et nous serions oblig\u00e9 de vendre \u00e0 l\u2019ext\u00e9rieur se coupant de beaucoup des liens sociaux, avec leur retours techniques et \u00e9conomiques.<br \/>\nb) Parce qu&#8217;un tr\u00e8s grand nombre de choses sont tenus en compte, nous ne sommes pas copiable et retrouvons la pleine originalit\u00e9 naturelle.<br \/>\nc) Les anciens artisans sont aussi appr\u00e9ci\u00e9s pour l\u2019esth\u00e9tique de leur produit: celle-ci ne vient pas d\u2019une grande id\u00e9e artistique que l\u2019on applique, il n&#8217;y avait pas n\u00e9cessairement d&#8217;\u00e9cole d&#8217;art;<br \/>\nCela se construit\u00a0:\u00a0\u00a0\u00a0\u00a0\u00a0\u00a0\u00a0\u00a0\u00a0\u00a0\u00a0\u00a0\u00a0\u00a0\u00a0\u00a0\u00a0\u00a0\u00a0\u00a0\u00a0\u00a0\u00a0\u00a0\u00a0\u00a0\u00a0\u00a0\u00a0\u00a0\u00a0\u00a0\u00a0\u00a0\u00a0\u00a0\u00a0\u00a0\u00a0\u00a0\u00a0\u00a0\u00a0\u00a0\u00a0\u00a0\u00a0\u00a0\u00a0\u00a0\u00a0\u00a0\u00a0\u00a0\u00a0\u00a0\u00a0\u00a0\u00a0\u00a0\u00a0\u00a0\u00a0\u00a0\u00a0\u00a0\u00a0\u00a0\u00a0\u00a0\u00a0\u00a0\u00a0\u00a0\u00a0\u00a0\u00a0\u00a0\u00a0\u00a0\u00a0\u00a0\u00a0\u00a0\u00a0\u00a0\u00a0\u00a0\u00a0\u00a0\u00a0\u00a0\u00a0\u00a0\u00a0\u00a0\u00a0\u00a0\u00a0\u00a0\u00a0\u00a0\u00a0\u00a0\u00a0\u00a0\u00a0\u00a0\u00a0\u00a0\u00a0\u00a0\u00a0\u00a0\u00a0\u00a0 -comme des petits rapports harmonieux entre nous et chacun de\u00a0 nos voisins , \u00a0 \u00a0 &#8211;\u00a0 la grand m\u00e8re dans son jeune temps ,\u00a0\u00a0\u00a0\u00a0\u00a0\u00a0\u00a0\u00a0\u00a0\u00a0\u00a0\u00a0\u00a0\u00a0\u00a0\u00a0\u00a0\u00a0\u00a0\u00a0\u00a0\u00a0\u00a0\u00a0\u00a0\u00a0\u00a0\u00a0\u00a0\u00a0\u00a0\u00a0\u00a0\u00a0\u00a0\u00a0\u00a0\u00a0\u00a0\u00a0\u00a0\u00a0\u00a0\u00a0\u00a0\u00a0\u00a0\u00a0\u00a0\u00a0\u00a0\u00a0\u00a0\u00a0\u00a0\u00a0\u00a0\u00a0\u00a0\u00a0\u00a0\u00a0\u00a0\u00a0\u00a0\u00a0\u00a0\u00a0\u00a0\u00a0\u00a0\u00a0\u00a0 -tout apprenti au fur et \u00e0 mesure de sa pratique va se voir r\u00e9aliser un nombre\u00a0 de petites harmonies qui va progresser; \u00a0 \u00a0 \u00a0 \u00a0 \u00a0 \u00a0 \u00a0 \u00a0 \u00a0 \u00a0 \u00a0 \u00a0 \u00a0 \u00a0 \u00a0 \u00a0 \u00a0 \u00a0 \u00a0 \u00a0 \u00a0 \u00a0 \u00a0 \u00a0 \u00a0 \u00a0 \u00a0 \u00a0 \u00a0 \u00a0 \u00a0 \u00a0 \u00a0 \u00a0 \u00a0 \u00a0 \u00a0 \u00a0 \u00a0 \u00a0 <strong>et lorsque ce nombre d\u2019harmonies devient important, l\u2019objet devient meilleur,\u00a0 plus beau etc&#8230;<\/strong><br \/>\nNous n\u2019avons pas besoin d\u2019avoir recours \u00e0 une id\u00e9e artistique ou \u00e9conomique, ou tout autre id\u00e9e, les moyens de ces derni\u00e8res se font par l\u2019ouverture qui rend notre approche plus absorbante et sans distinction. \u00a0\u00a0\u00a0\u00a0\u00a0\u00a0\u00a0\u00a0\u00a0\u00a0\u00a0\u00a0\u00a0\u00a0\u00a0\u00a0\u00a0 \u00a0 \u00a0 \u00a0 \u00a0 \u00a0 \u00a0 \u00a0\u00a0\u00a0\u00a0\u00a0\u00a0\u00a0\u00a0\u00a0\u00a0\u00a0\u00a0\u00a0\u00a0\u00a0\u00a0\u00a0\u00a0\u00a0\u00a0\u00a0\u00a0\u00a0\u00a0\u00a0<strong> Une fleur finalise des milliers d&#8217;informations dans une couleur, une odeur,etc&#8230; c&#8217;est la seule , la meilleure possible compte tenu du reste, nous sommes dans le r\u00e9el, le traditionnel, la vied dont le miracle est le tout qui se finalise dans un.\u00a0\u00a0\u00a0\u00a0\u00a0\u00a0\u00a0\u00a0\u00a0\u00a0\u00a0\u00a0\u00a0\u00a0\u00a0\u00a0\u00a0\u00a0\u00a0\u00a0\u00a0\u00a0\u00a0\u00a0\u00a0\u00a0\u00a0\u00a0\u00a0\u00a0\u00a0\u00a0\u00a0\u00a0\u00a0\u00a0\u00a0\u00a0\u00a0\u00a0\u00a0\u00a0\u00a0\u00a0\u00a0\u00a0\u00a0\u00a0\u00a0\u00a0\u00a0\u00a0\u00a0\u00a0\u00a0\u00a0\u00a0\u00a0\u00a0\u00a0\u00a0\u00a0\u00a0\u00a0\u00a0\u00a0\u00a0\u00a0\u00a0\u00a0\u00a0\u00a0\u00a0\u00a0\u00a0\u00a0\u00a0\u00a0\u00a0\u00a0\u00a0\u00a0\u00a0\u00a0\u00a0\u00a0\u00a0\u00a0\u00a0\u00a0\u00a0\u00a0 <\/strong>Le choix se fait moins direct:\u00a0\u00a0\u00a0\u00a0\u00a0\u00a0\u00a0\u00a0\u00a0\u00a0\u00a0\u00a0\u00a0\u00a0\u00a0\u00a0\u00a0\u00a0\u00a0\u00a0\u00a0\u00a0\u00a0\u00a0\u00a0\u00a0\u00a0\u00a0\u00a0\u00a0\u00a0\u00a0\u00a0\u00a0\u00a0\u00a0\u00a0\u00a0\u00a0\u00a0\u00a0\u00a0\u00a0\u00a0\u00a0\u00a0\u00a0\u00a0\u00a0\u00a0\u00a0\u00a0\u00a0\u00a0\u00a0\u00a0\u00a0\u00a0\u00a0\u00a0\u00a0\u00a0\u00a0\u00a0\u00a0\u00a0\u00a0\u00a0\u00a0\u00a0\u00a0\u00a0\u00a0\u00a0\u00a0\u00a0\u00a0\u00a0\u00a0\u00a0\u00a0\u00a0\u00a0\u00a0\u00a0\u00a0\u00a0\u00a0\u00a0\u00a0\u00a0\u00a0\u00a0\u00a0\u00a0 Le fait de tenir en compte de plus en plus d&#8217;\u00e9l\u00e9ments rend le choix plus efficace et moins direct (ayant tenus compte de milliers de choses on ne peut plus vraiment parler de choix) le choix est en moins direct et de plus en plus\u00a0 efficace tous aspects confondus.<\/p>\n<p><strong>Cet efficacit\u00e9 n&#8217;est plus v\u00e9rifi\u00e9 dans le syst\u00e8me actuel<\/strong> ( bulle virtuelle depuis ce qu&#8217;on appelle le d\u00e9but de &#8221; l&#8217;humanit\u00e9&#8221;;la charrue avant ou apr\u00e8s les boeufs)<br \/>\n<strong>\u00a0 Si l\u2019on donne 1 euros \u00e0 1000 personne on risque de passer inaper\u00e7u\u00a0; dans ce syst\u00e8me virtue; il faudra donner 1000 euros \u00e0 une seule personne pour retrouver une reconnaissance , et comme dans un monde virtuel on a des probl\u00e8mes d\u2019 existence le choix nous est pr\u00e9format\u00e9 bien s\u00fbr.\u00a0\u00a0\u00a0 \u00a0 \u00a0 \u00a0 \u00a0\u00a0 \u00a0\u00a0\u00a0\u00a0\u00a0\u00a0\u00a0\u00a0\u00a0\u00a0\u00a0\u00a0\u00a0\u00a0\u00a0\u00a0\u00a0\u00a0 <\/strong>Une approche trop artistique par exemple m\u00e8nerai \u00e0 faire moins de cuissons, une par mois plut\u00f4t qu\u2019une par jour, cela nous nous placerions tel un apprenti cuisinier qui ne cuisinerai qu\u2019une fois par mois, ses moyens artistiques ne se d\u00e9velopperont pas assez et de ce fait son id\u00e9e artistique augmentera encore davantage (telle l\u2019id\u00e9e de soif lorsque nous n\u2019avons pas trouv\u00e9 assez d\u2019eau).<\/p>\n<p>Nous sommes quotidiennement confront\u00e9s aux deux types d\u2019approche dont les efficacit\u00e9s sont totalement oppos\u00e9es\u00a0:<br \/>\nLorsqu\u2019 on devient parent, pour le bien de l\u2019existence de l\u2019humanit\u00e9 nous sommes par d\u00e9faut dans le 1000 qui se finalise en 1 , le r\u00e9el , le plut\u00f4t traditionnel .<br \/>\nDonc, \u00e0 la maternit\u00e9 nous n&#8217;avons pas besoin de choisir pour qu&#8217;ils deviennent les meilleurs au monde ,<br \/>\nNous ne pouvons pas sp\u00e9cialiser , tous les aspects sont importants , un seul mal g\u00e9r\u00e9 va mettre \u00e0 mal tous les autres: donc pas de sp\u00e9cialisation\u00a0 qui afait le fort de notre bulle virtuelle depuis le d\u00e9but de&#8221; l\u2019homme &#8221; .( l\u2019,industrialisation, \u00e9conomie de march\u00e9, banque, cr\u00e9ation de l\u2019argent etc\u2026 ne repr\u00e9sente qu&#8217;un seuil exponentiel, ils ne sont que des sympt\u00f4mes ).<br \/>\nEn tant que parents nous n\u2019avons pas besoin d\u2019\u00eatre dou\u00e9s , pas de comp\u00e9tition\u00a0: si les parents avaient eu besoin d\u2019\u00eatre dou\u00e9s trop peu s\u2019en serait \u00ab\u00a0sortis\u00a0\u00bb et je ne serais peut pas l\u00e0 pour emb\u00eater le monde \u00e0 vouloir l\u2019expliquer , ni pour vous d\u2019essayer de comprendre ces propos .<br \/>\nL\u2019id\u00e9e a un r\u00f4le d\u2019outil \u00e0 double tranchant elle doit provoquer l\u2019ouverture donc le retour \u00e0 l\u2019approche \u00ab\u00a0 absorbant\u00a0\u00bb dans laquelle nous recommen\u00e7ons \u00e0 tenir en compte \u00e9ventuellement ce que l\u2019on a oubli\u00e9 , des nouveaux \u00e9l\u00e9ments \u00e0 consid\u00e9rer, les choses se r\u00e9glant mieux , les id\u00e9es ( signaux, avertissements) peuvent diminuer pour disparaitre .<br \/>\nSi l\u2019id\u00e9e ne provoque pas cette ouverture elle va d\u00e9truire ,donc illuminer le probl\u00e8me ( nous en l\u2019occurrence)<br \/>\nL\u2019humanit\u00e9 existe encore gr\u00e2ce \u00e0 cette approche traditionnelle \u00ab\u00a0absorbante\u00a0\u00bb<\/p>\n<p>Aussi comme les parents avec les enfants , l\u2019artisan ne peut qu\u2019\u00eatre dans une approche d\u2019ouverture r\u00e9sultant au progr\u00e8s universel, celui qui a\u00a0 l\u2019approbation du reste.\u00a0\u00a0\u00a0\u00a0\u00a0\u00a0\u00a0\u00a0\u00a0\u00a0\u00a0\u00a0\u00a0\u00a0\u00a0\u00a0\u00a0\u00a0\u00a0\u00a0\u00a0\u00a0\u00a0\u00a0\u00a0\u00a0\u00a0\u00a0\u00a0\u00a0\u00a0\u00a0\u00a0\u00a0\u00a0\u00a0\u00a0\u00a0\u00a0\u00a0\u00a0\u00a0\u00a0\u00a0\u00a0\u00a0\u00a0\u00a0\u00a0\u00a0\u00a0\u00a0\u00a0\u00a0\u00a0\u00a0\u00a0\u00a0\u00a0\u00a0\u00a0\u00a0\u00a0\u00a0\u00a0\u00a0\u00a0\u00a0\u00a0\u00a0\u00a0\u00a0\u00a0\u00a0\u00a0\u00a0\u00a0\u00a0\u00a0\u00a0\u00a0\u00a0\u00a0\u00a0\u00a0\u00a0\u00a0\u00a0\u00a0\u00a0\u00a0\u00a0\u00a0\u00a0\u00a0\u00a0\u00a0\u00a0\u00a0\u00a0\u00a0\u00a0\u00a0\u00a0\u00a0\u00a0\u00a0\u00a0\u00a0\u00a0\u00a0\u00a0\u00a0\u00a0\u00a0\u00a0\u00a0\u00a0\u00a0\u00a0\u00a0\u00a0\u00a0\u00a0\u00a0\u00a0\u00a0\u00a0\u00a0\u00a0\u00a0 L&#8217;artisan fonctionne comme des parents dans le professionnel .<br \/>\nCe qui constitue la plupart des efficacit\u00e9s actuelles ne le serait plus, si nous serions dans un monde plus r\u00e9el, existant, traditionnel\u00a0; \u00e0 l\u2019inverse tous nos handicaps redeviendraient des avantages.<br \/>\nLa sp\u00e9cialisation le fait d\u2019\u00eatre dou\u00e9 n\u2019est seulement possible que dans un monde de type virtuel.<br \/>\nDonc nos efficacit\u00e9s se r\u00e9v\u00e8lent\u00a0 dans un monde traditionnel, existant.<br \/>\nSi l\u2019on donne 1 euros \u00e0 1000 personnes on risque de passer inaper\u00e7u\u00a0; dans ce syst\u00e8me virtuel il faudra donner 1000 euros \u00e0 une seule personne pour retrouver une reconnaissance , et comme dans un monde virtuel on a des probl\u00e8mes d\u2019 existence le choix nous est pr\u00e9format\u00e9 bien s\u00fbr.<br \/>\nIl n\u2019y a pas de probl\u00e8me de transmission dans un monde traditionnel elle est l\u00e0 par d\u00e9faut\u00a0:<br \/>\nLe grand p\u00e8re tient compte de tout ce qu\u2019il y a autour de lui pour finaliser des milliers d\u2019informations dans une seule action, un produit et comme une fleur finalisera, dans son odeur, sa couleur, tout son environnement , elle n aura pas le choix (cela ne lui pr\u00e9occupera pas car c&#8217;est la seule chose possible compte tenu de tout le reste ) L&#8217;arri\u00e8re petit fils va avec les presque m\u00eames ingr\u00e9dients va finaliser plut\u00f4t la m\u00eame soupe. Et si les objets se ressemblent, ce n est pas parce qu\u2019on a su transmettre, mais c est parce que ce sont les seuls choses possibles compte tenus de tout le reste. (Comme une mol\u00e9cule r\u00e9sultera de l\u2019approbation des atomes qui la constituent)<\/p>\n<p>L\u2019id\u00e9e soutenue par le leur de la sp\u00e9cialisation est devenue de plus en plus directrice de nos action ce qui a permis notre bulle virtuelle d\u2019exister avec des efficacit\u00e9s contraires .Il faut donc reconstruire ce syst\u00e8me traditionnel, existant, (car il n\u2019est quasiment plus l\u00e0) avant de pouvoir b\u00e9n\u00e9ficier de ces efficacit\u00e9s.<\/p>\n<p>Un sc\u00e9nario possible\u00a0 de l&#8217;\u00e9volution de &#8221; l&#8217;homo-sapiens&#8221; serait celui-ci: \u00a0 \u00a0 \u00a0\u00a0\u00a0\u00a0\u00a0\u00a0\u00a0nous avons cesser de satisfaire un tout petit aspect anodin ( ce qui est en somme normal), mais pour ne pas avoir r\u00e9\u00e9quilibrer et comme de m\u00eame un menteur qui ne r\u00e9\u00e9quilibre pas sa situation qui va \u00eatre amen\u00e9 \u00e0 faire un deuxi\u00e8me, troisi\u00e8me mensonge\u00a0 nous avons cesser de satisfaire un deuxi\u00e8me,troisi\u00e8me petit aspect anodin et de fil en aiguille, un plus grand nombre de choses n\u2019est plus tenu en compte\u00a0; de 1000 (ou 1 million\u00a0\u2026.) qui se finalisent en 1, nous passons par 997 qui se finalise en 1 , puis 100, 10,1 finalise en 1, et ensuite on rentre dans le virtuel 1 seul aspect dirige 10 actions puis 1 aspect dirige 100 puis 1000 actions etc..(dogme, machine, m\u00e9thode etc&#8230;).<br \/>\nC\u2019est au moment de ce virement dans le virtuel que l\u2019id\u00e9e va changer de fonction\u00a0:<br \/>\n<strong>Au lieu que l\u2019id\u00e9e provoquant l\u2019ouverture, nous r\u00e9tablissant\u00a0 dans le mode absorbant et sans distinction\u00a0 elle devient directive de nos actions.<\/strong><br \/>\nL\u2019id\u00e9e soutenue par le leur de la sp\u00e9cialisation est devenu de plus en plus directrice de nos actions ce qui a permis notre bulle virtuelle d\u2019exister avec des efficacit\u00e9s contraires .<\/p>\n<p>L\u2019id\u00e9e a un r\u00f4le d\u2019outil \u00e0 double tranchant elle doit provoquer l\u2019ouverture donc le retour au mode \u00ab\u00a0 absorbant\u00a0\u00bb dans laquelle nous recommen\u00e7ons \u00e0 tenir en compte \u00e9ventuellement ce que l\u2019on a oubli\u00e9 , des nouveaux \u00e9l\u00e9ments \u00e0 consid\u00e9rer, les choses se r\u00e9glant mieux , les id\u00e9es ( signaux, avertissements) peuvent diminuer pour disparaitre .<br \/>\nSi l\u2019id\u00e9e ne provoque pas cette ouverture elle va d\u00e9truire (telle l&#8217;id\u00e9e de peur qui devenant trop\u00a0 directrice\u00a0 d\u00e9truirait plut\u00f4t que de sauver la vie) , donc va illuminer le probl\u00e8me ( nous en l\u2019occurrence)<br \/>\nL\u2019humanit\u00e9 existe encore un petit peu gr\u00e2ce \u00e0 cette approche traditionnelle \u00ab\u00a0absorbante et sans distinction\u00bb.<br \/>\nLe cot\u00e9 optimiste restant que du fait du nombre croissant de probl\u00e8mes et du nombre d\u2019id\u00e9es cons\u00e9quentes , nous allons malgr\u00e9 nous tenir en compte de 1000 ennuis donc de 1000 \u00e9l\u00e9ments dans une seule action ce qui devrait nous placer de retour au mode r\u00e9el\u00a0; ceci consid\u00e9rant que nous r\u00e9agissons \u00e0 ce nombre d\u2019ennuis croissant. C\u2019est cyclique .<br \/>\nLa difficult\u00e9 est de repasser du mode virtuel (1 qui fait 1000) au monde r\u00e9el (1000qui fait 1)<br \/>\nUne fleur finalise des milliers d\u2019informations dans une couleur , une odeur etc\u2026 elle n\u2019a peut \u00eatre pas le choix mais c\u2019est parce qu\u2019elle c\u2019est la meilleure possible lorsqu\u2019on a tenu compte de tout le reste.<br \/>\nCe passage ne peut pas ce faire avec l\u2019id\u00e9e directrice donc d\u00e9sol\u00e9 pour toutes les consciences qui \u00e9taient importantes et essentielles pour l\u2019\u00e9veil donc l\u2019av\u00e8nement d\u2019une id\u00e9e.<br \/>\nMais elles resteront \u00e0 leur stade virtuelle d\u2019id\u00e9e car les vrais moyens viendront que de l\u2019attitude r\u00e9ellement absorbante , l\u00e0 o\u00f9 l\u2019id\u00e9e ne peut plus rien\u00a0:<br \/>\nL\u2019id\u00e9e d\u2019avoir soif (restant essentielle) ne peut cr\u00e9er une mol\u00e9cule\u00a0 d&#8217;eau et pour le peu que vous voulez l\u2019eau bonne sous tous ces aspects le mode absorbant s\u2019imposera pour recr\u00e9er tout cela .<br \/>\nD\u00e9s que l\u2019id\u00e9e fait son travail de provoquer l\u2019ouverture , donc \u00e0 nouveau le mode\u00a0 absorbant, elle n\u2019a plus de raison d\u2019exister et c\u2019est dans ce mode absorbant que le travail ce fera malgr\u00e9 nous et ce sera tout le reste \u00ab\u00a0 \u00e0 part cette id\u00e9e qui sera n\u00e9cessairement tenu en compte .<br \/>\nDonc nous sommes sur le chemin de la non- existence qui s\u2019acc\u00e9l\u00e8re bien s\u00fbr gr\u00e2ce \u00e0 nos id\u00e9es , nos peurs , nos besoins d\u2019existant qui sont de plus en plus importants\u00a0; ( besoin de choisir , de reconnaissant ,de d\u00e9couvrir , etc\u2026),\u00a0\u00a0\u00a0 l\u2019essentiel des besoins mentaux notre quotidien dans ce monde virtuel est d\u00e9fini par ce manque d\u2019existant.<br \/>\nDans le traditionnel on ne traite pas un type d\u2019aspect mais un nombre d\u2019aspect.<br \/>\nSi ce que l\u2019 on fait r\u00e9pond de mille harmonies plut\u00f4t que de cent , de dix seulement il s\u2019en trouve bien s\u00fbr plus beau et pas seulement dans un seul aspect\u00a0 mais dans tous les aspects<br \/>\nPour y acc\u00e9der, l\u2019id\u00e9e ne peut plus \u00eatre directive, elle n est qu\u2019un avertissement, un signal.<br \/>\nOn ne peut pas appliquer une id\u00e9e, une \u00e9quation, on peut juste v\u00e9rifier une \u00e9quation.<br \/>\nEn ouverture nous fonctionnions dans un mode absorbant.<br \/>\nBien que conscient de la nocivit\u00e9 des \u00e9l\u00e9ments d\u2019un monde virtuel, nous n\u2019 avons pas \u00e0 avoir d\u2019apriori\u00a0:(\u00e0 l\u2019image du choix des parents entre le petit fr\u00e8re et la grande s\u0153ur) lorsqu\u2019il s\u2019agit d\u2019un \u00e9l\u00e9ment issu du monde virtuel comme une technologie moderne , ce sera dans une approche absorbante , les \u00e9l\u00e9ments qui nous constituent qui avec nous vont d\u00e9finir \u00e0 quelle niveau cette technologie va s\u2019int\u00e9grer .<br \/>\nSi nous avions fait le choix du c\u00f4t\u00e9 plus ou moins noble d\u2019un \u00e9l\u00e9ment il serait devenu directeur de nos actions , nous aurions \u00e9t\u00e9 amen\u00e9 tout droit vers la non- existence . Ce qui explique la n\u00e9cessit\u00e9 de tol\u00e9rance bien souvent d\u00e9crite . Mais ce ne sera en aucun cas l\u2019id\u00e9e directrice de tol\u00e9rance qui pourrait l\u2019obtenir, ce ne sera que notre capacit\u00e9 de fonctionner en mode absorbant .<br \/>\nIl faut se replacer dans cette approche o\u00f9 puisque des atomes ont trouv\u00e9 \u00ab\u00a0 leur compte\u00a0\u00bb une mol\u00e9cule va \u00eatre permise d\u2019exister .<br \/>\nLa difficult\u00e9 de reconstruction n\u2019est qu\u2019au changement de direction du virtuel (1 qui fait 1000) au r\u00e9el 1000 qui 1)\u00a0: la difficult\u00e9 s&#8217;attenuera lorsque par exemple on aura satisfait un 5eme aspect, un 6eme copain , 10, 100 personnes dans le village nous aura \u00e0 notre actif d\u00e9j\u00e0 une centaine d\u2019alli\u00e9s , d\u2019harmonies qui rendront notre choix beaucoup plus juste et facile et de cefait le mode r\u00e9el redeviendra de plus en plus facile .<br \/>\nMes termes volontairement ne parlent pas d\u2019amour et autres termes dont la n\u00e9cessit\u00e9 est de plus en plus \u00e9vidente car je pense qu\u2019il est grand temps de porter notre attention sur les moyens et non les id\u00e9es , ces derni\u00e8res bien que \u00e9ssentielles comme avertissements, ne cr\u00e9eront jamais aucun moyen dans le monde r\u00e9el. (l\u2019id\u00e9e d\u2019avoir soif ne cr\u00e9e pas une mol\u00e9cule d&#8217;eau l\u2019eau).<br \/>\nIl n\u2019y pas de besoin, heureusement, que les hommes ont de bonnes id\u00e9es,plus du courage pour acc\u00e9der aux moyens de l\u2019\u00e9ternel, c est \u00e0 dire de l\u2019existant , le retour \u00e0 une approche simplement absorbante va faire le travail .<br \/>\nPour l\u2019instant ce sont encore les efficacit\u00e9s du mode virtuel qui priment qui sont r\u00e9v\u00e9l\u00e9es et de ce fait c&#8217;est effectivement difficile.<br \/>\nCe ne seront pas d\u2019autres id\u00e9es politiques, religieuses, \u00e9conomiques,philosophiques ou autres qui pourront faire l\u2019affaire ni non plus l&#8217;id\u00e9e ce que j&#8217;essaie de partager .<br \/>\nIl faut se mettre dans une approche o\u00f9 nous pouvons v\u00e9rifier l\u2019\u00e9quation et non de l\u2019appliquer\u00a0!.<br \/>\nTelle l\u2019id\u00e9e de d\u00e9mocratie\u00a0: nous ne pouvons pas choisir avec qui l\u2019on va \u00eatre d\u00e9mocrate et qui nous n\u2019 allons pas l\u2019\u00eatre\u00a0; nous ne pouvons pas utiliser une m\u00e9thode pour aller plus vite m\u00eame si il y a urgence .<br \/>\nIl faut arr\u00eater nos peurs , nos envies avant qu\u2019elles deviennent directrices de nos actions .<\/p>\n<p>Le cot\u00e9 optimiste restant que du fait du nombre croissant de probl\u00e8mes et du nombre d\u2019id\u00e9es cons\u00e9quentes , nous allons malgr\u00e9 nous tenir en compte de 1000 ennuis donc de 1000 \u00e9l\u00e9ments dans une seule action ce qui devrait nous placer de retour au mode r\u00e9el ; ceci consid\u00e9rant que nous r\u00e9agissons \u00e0 ce nombre d\u2019ennuis croissant. C\u2019est cyclique .<br \/>\nUn autre exemple pour le c\u00f4t\u00e9 optimiste c&#8217;est que d&#8217;une adolescence ingrate et directrice\u00a0 nous sommes encore capable de passer au mode absorbant , c&#8217;est \u00e0 dire le r\u00f4le parental .<\/p>\n","protected":false},"excerpt":{"rendered":"<p>Une approche plus artisanale, traditionnelle, plus r\u00e9elle est celle o\u00f9 1000 aspects sont pris en compte dans une seule action ou un seul produit\u00a0; Le contraire, une approche artificielle, virtuelle, est celle lorsqu\u2019un seul aspect m\u00e8ne \u00e0 1000 actions C\u2019est dans ce changement d\u2019approche que les efficacit\u00e9s des artisans d\u2019autrefois sont\u00a0 plut\u00f4t devenues leurs propres &hellip; <a href=\"http:\/\/www.dequeker.com\/en\/notes-philosophiques-sur-le-developement-du-savoir-faire\/\" class=\"more-link\">Continue reading <span class=\"screen-reader-text\">Notes Philosophiques sur l&#8217;obtention du savoir-faire dans la fabrication<\/span><\/a><\/p>\n","protected":false},"author":2,"featured_media":0,"parent":0,"menu_order":0,"comment_status":"closed","ping_status":"closed","template":"","meta":[],"_links":{"self":[{"href":"http:\/\/www.dequeker.com\/en\/wp-json\/wp\/v2\/pages\/416"}],"collection":[{"href":"http:\/\/www.dequeker.com\/en\/wp-json\/wp\/v2\/pages"}],"about":[{"href":"http:\/\/www.dequeker.com\/en\/wp-json\/wp\/v2\/types\/page"}],"author":[{"embeddable":true,"href":"http:\/\/www.dequeker.com\/en\/wp-json\/wp\/v2\/users\/2"}],"replies":[{"embeddable":true,"href":"http:\/\/www.dequeker.com\/en\/wp-json\/wp\/v2\/comments?post=416"}],"version-history":[{"count":19,"href":"http:\/\/www.dequeker.com\/en\/wp-json\/wp\/v2\/pages\/416\/revisions"}],"predecessor-version":[{"id":482,"href":"http:\/\/www.dequeker.com\/en\/wp-json\/wp\/v2\/pages\/416\/revisions\/482"}],"wp:attachment":[{"href":"http:\/\/www.dequeker.com\/en\/wp-json\/wp\/v2\/media?parent=416"}],"curies":[{"name":"wp","href":"https:\/\/api.w.org\/{rel}","templated":true}]}}