{"id":43,"date":"2017-11-26T13:47:11","date_gmt":"2017-11-26T12:47:11","guid":{"rendered":"http:\/\/japeyr.fr\/?page_id=43"},"modified":"2019-12-21T11:45:18","modified_gmt":"2019-12-21T11:45:18","slug":"visites-de-latelier","status":"publish","type":"page","link":"http:\/\/www.dequeker.com\/en\/visites-de-latelier\/","title":{"rendered":"Visites de L&#8217;atelier-boutique \u00e0 St Georges la Pouge (creuse)"},"content":{"rendered":"<h4><\/h4>\n<h4><strong>Lors de nos visites gratuites \u00e0 l&#8217;atelier principal de St Georges la Pouge (ouvert en permanence 7j\/7 , 10h-20h),<\/strong><strong>\u00a0\u00a0 \u00a0 \u00a0 \u00a0 \u00a0 \u00a0 \u00a0 \u00a0 \u00a0 \u00a0 \u00a0 \u00a0 \u00a0 \u00a0\u00a0\u00a0\u00a0 <\/strong><strong>nous vous montrons et expliquons toutes les differentes \u00e9tapes de production : (<\/strong>dur\u00e9e moyenne 1\/2 heure)<\/h4>\n<h4>\u00a0 &#8211; Tournage \u00e0 la main des pi\u00e8ces<\/h4>\n<h4><img loading=\"lazy\" class=\"wp-image-281 aligncenter\" src=\"http:\/\/www.dequeker.com\/wp-content\/uploads\/2019\/02\/DSC03942-225x300.jpg\" alt=\"\" width=\"208\" height=\"277\" srcset=\"http:\/\/www.dequeker.com\/wp-content\/uploads\/2019\/02\/DSC03942-225x300.jpg 225w, http:\/\/www.dequeker.com\/wp-content\/uploads\/2019\/02\/DSC03942-768x1024.jpg 768w\" sizes=\"(max-width: 208px) 100vw, 208px\" \/><\/h4>\n<h4>&#8211; tournassage ,<\/h4>\n<h4><strong><img loading=\"lazy\" class=\"wp-image-273 alignnone\" src=\"http:\/\/www.dequeker.com\/wp-content\/uploads\/2019\/02\/Dequeker-6-225x300.jpg\" alt=\"\" width=\"223\" height=\"297\" srcset=\"http:\/\/www.dequeker.com\/wp-content\/uploads\/2019\/02\/Dequeker-6-225x300.jpg 225w, http:\/\/www.dequeker.com\/wp-content\/uploads\/2019\/02\/Dequeker-6-768x1024.jpg 768w\" sizes=\"(max-width: 223px) 100vw, 223px\" \/><\/strong><\/h4>\n<h4>\u00a0&#8211; \u00e9maillage<\/h4>\n<h4><img loading=\"lazy\" class=\"wp-image-275 aligncenter\" src=\"http:\/\/www.dequeker.com\/wp-content\/uploads\/2019\/02\/Dequeker-11-300x225.jpg\" alt=\"\" width=\"325\" height=\"244\" srcset=\"http:\/\/www.dequeker.com\/wp-content\/uploads\/2019\/02\/Dequeker-11-300x225.jpg 300w, http:\/\/www.dequeker.com\/wp-content\/uploads\/2019\/02\/Dequeker-11-768x576.jpg 768w, http:\/\/www.dequeker.com\/wp-content\/uploads\/2019\/02\/Dequeker-11-1024x768.jpg 1024w\" sizes=\"(max-width: 325px) 100vw, 325px\" \/><\/h4>\n<h4>&#8211; enfournement<\/h4>\n<h4><strong>\u00a0<\/strong><\/h4>\n<h4><\/h4>\n<h4><\/h4>\n<h4><\/h4>\n<h5><strong>\u00a0<\/strong><\/h5>\n<h5><strong>\u00a0<\/strong><\/h5>\n<h4><\/h4>\n<h5><strong>\u00a0<\/strong><\/h5>\n<h5><\/h5>\n<h5><\/h5>\n<h5><strong>\u00a0 <\/strong><\/h5>\n<h5><\/h5>\n<h5><\/h5>\n<h5><\/h5>\n<h4><\/h4>\n<h5><\/h5>\n<h5><strong>\u00a0<\/strong><\/h5>\n<h5><\/h5>\n<h5><\/h5>\n<h5><\/h5>\n<h5><strong>\u00a0<\/strong><\/h5>\n<h4><strong>\u00a0<\/strong><\/h4>\n<h4><strong>\u00a0<\/strong><\/h4>\n<h4><strong>\u00a0<\/strong><\/h4>\n<h4><strong>\u00a0<\/strong><\/h4>\n<h4><strong>\u00a0<\/strong><\/h4>\n<h4><strong>\u00a0<\/strong><\/h4>\n<h4><strong>\u00a0<\/strong><\/h4>\n<h4><\/h4>\n<h4><strong>\u00a0<\/strong><\/h4>\n<h5><\/h5>\n<h5><\/h5>\n<h5><\/h5>\n<h5><\/h5>\n<h5><\/h5>\n<h5><\/h5>\n<h5><\/h5>\n<h4><\/h4>\n<h4>\u00a0 Tournage \u00e0 la main des pi\u00e8ces , tournassage , enfournement et \u00e9maillage\u00a0 (dur\u00e9e moyenne 1\/2 heure)<\/h4>\n","protected":false},"excerpt":{"rendered":"<p>Lors de nos visites gratuites \u00e0 l&#8217;atelier principal de St Georges la Pouge (ouvert en permanence 7j\/7 , 10h-20h),\u00a0\u00a0 \u00a0 \u00a0 \u00a0 \u00a0 \u00a0 \u00a0 \u00a0 \u00a0 \u00a0 \u00a0 \u00a0 \u00a0 \u00a0\u00a0\u00a0\u00a0 nous vous montrons et expliquons toutes les differentes \u00e9tapes de production : (dur\u00e9e moyenne 1\/2 heure) \u00a0 &#8211; Tournage \u00e0 la main des &hellip; <a href=\"http:\/\/www.dequeker.com\/en\/visites-de-latelier\/\" class=\"more-link\">Continue reading <span class=\"screen-reader-text\">Visites de L&#8217;atelier-boutique \u00e0 St Georges la Pouge (creuse)<\/span><\/a><\/p>\n","protected":false},"author":1,"featured_media":0,"parent":0,"menu_order":0,"comment_status":"closed","ping_status":"closed","template":"","meta":[],"_links":{"self":[{"href":"http:\/\/www.dequeker.com\/en\/wp-json\/wp\/v2\/pages\/43"}],"collection":[{"href":"http:\/\/www.dequeker.com\/en\/wp-json\/wp\/v2\/pages"}],"about":[{"href":"http:\/\/www.dequeker.com\/en\/wp-json\/wp\/v2\/types\/page"}],"author":[{"embeddable":true,"href":"http:\/\/www.dequeker.com\/en\/wp-json\/wp\/v2\/users\/1"}],"replies":[{"embeddable":true,"href":"http:\/\/www.dequeker.com\/en\/wp-json\/wp\/v2\/comments?post=43"}],"version-history":[{"count":8,"href":"http:\/\/www.dequeker.com\/en\/wp-json\/wp\/v2\/pages\/43\/revisions"}],"predecessor-version":[{"id":486,"href":"http:\/\/www.dequeker.com\/en\/wp-json\/wp\/v2\/pages\/43\/revisions\/486"}],"wp:attachment":[{"href":"http:\/\/www.dequeker.com\/en\/wp-json\/wp\/v2\/media?parent=43"}],"curies":[{"name":"wp","href":"https:\/\/api.w.org\/{rel}","templated":true}]}}