{"id":6,"date":"2017-11-26T13:08:36","date_gmt":"2017-11-26T12:08:36","guid":{"rendered":"http:\/\/japeyr.fr\/?page_id=6"},"modified":"2019-12-21T11:41:40","modified_gmt":"2019-12-21T11:41:40","slug":"produits","status":"publish","type":"page","link":"http:\/\/www.dequeker.com\/en\/produits\/","title":{"rendered":"Produits"},"content":{"rendered":"<p><img loading=\"lazy\" class=\"alignnone wp-image-376\" src=\"http:\/\/japeyr.fr\/wp-content\/uploads\/2019\/02\/WP_20160801_059-300x169.jpg\" alt=\"\" width=\"270\" height=\"152\" srcset=\"http:\/\/www.dequeker.com\/wp-content\/uploads\/2019\/02\/WP_20160801_059-300x169.jpg 300w, http:\/\/www.dequeker.com\/wp-content\/uploads\/2019\/02\/WP_20160801_059-768x432.jpg 768w, http:\/\/www.dequeker.com\/wp-content\/uploads\/2019\/02\/WP_20160801_059-1024x576.jpg 1024w\" sizes=\"(max-width: 270px) 100vw, 270px\" \/><img loading=\"lazy\" class=\"alignnone size-medium wp-image-374\" src=\"http:\/\/japeyr.fr\/wp-content\/uploads\/2019\/02\/WP_20160801_053-300x169.jpg\" alt=\"\" width=\"300\" height=\"169\" srcset=\"http:\/\/www.dequeker.com\/wp-content\/uploads\/2019\/02\/WP_20160801_053-300x169.jpg 300w, http:\/\/www.dequeker.com\/wp-content\/uploads\/2019\/02\/WP_20160801_053-768x432.jpg 768w, http:\/\/www.dequeker.com\/wp-content\/uploads\/2019\/02\/WP_20160801_053-1024x576.jpg 1024w\" sizes=\"(max-width: 300px) 100vw, 300px\" \/><\/p>\n<p>&nbsp;<\/p>\n<h4><strong>L&#8217;Argile que l&#8217;on utilise se trouve partout , elle est commun\u00e9ment appel\u00e9e terre glaise:<\/strong><\/h4>\n<p>&nbsp;<\/p>\n<p><img loading=\"lazy\" class=\"alignnone size-medium wp-image-372\" src=\"http:\/\/japeyr.fr\/wp-content\/uploads\/2019\/02\/WP_20160801_037-300x169.jpg\" alt=\"\" width=\"300\" height=\"169\" srcset=\"http:\/\/www.dequeker.com\/wp-content\/uploads\/2019\/02\/WP_20160801_037-300x169.jpg 300w, http:\/\/www.dequeker.com\/wp-content\/uploads\/2019\/02\/WP_20160801_037-768x432.jpg 768w, http:\/\/www.dequeker.com\/wp-content\/uploads\/2019\/02\/WP_20160801_037-1024x576.jpg 1024w\" sizes=\"(max-width: 300px) 100vw, 300px\" \/> <img loading=\"lazy\" class=\"alignnone size-medium wp-image-370\" src=\"http:\/\/japeyr.fr\/wp-content\/uploads\/2019\/02\/WP_20160801_032-1-300x169.jpg\" alt=\"\" width=\"300\" height=\"169\" srcset=\"http:\/\/www.dequeker.com\/wp-content\/uploads\/2019\/02\/WP_20160801_032-1-300x169.jpg 300w, http:\/\/www.dequeker.com\/wp-content\/uploads\/2019\/02\/WP_20160801_032-1-768x432.jpg 768w, http:\/\/www.dequeker.com\/wp-content\/uploads\/2019\/02\/WP_20160801_032-1-1024x576.jpg 1024w\" sizes=\"(max-width: 300px) 100vw, 300px\" \/> <img loading=\"lazy\" class=\"alignnone size-medium wp-image-368\" src=\"http:\/\/japeyr.fr\/wp-content\/uploads\/2019\/02\/WP_20160801_029-300x169.jpg\" alt=\"\" width=\"300\" height=\"169\" srcset=\"http:\/\/www.dequeker.com\/wp-content\/uploads\/2019\/02\/WP_20160801_029-300x169.jpg 300w, http:\/\/www.dequeker.com\/wp-content\/uploads\/2019\/02\/WP_20160801_029-768x432.jpg 768w, http:\/\/www.dequeker.com\/wp-content\/uploads\/2019\/02\/WP_20160801_029-1024x576.jpg 1024w\" sizes=\"(max-width: 300px) 100vw, 300px\" \/><img loading=\"lazy\" class=\"alignnone size-medium wp-image-366\" src=\"http:\/\/japeyr.fr\/wp-content\/uploads\/2019\/02\/WP_20160801_023-300x169.jpg\" alt=\"\" width=\"300\" height=\"169\" srcset=\"http:\/\/www.dequeker.com\/wp-content\/uploads\/2019\/02\/WP_20160801_023-300x169.jpg 300w, http:\/\/www.dequeker.com\/wp-content\/uploads\/2019\/02\/WP_20160801_023-768x432.jpg 768w, http:\/\/www.dequeker.com\/wp-content\/uploads\/2019\/02\/WP_20160801_023-1024x576.jpg 1024w\" sizes=\"(max-width: 300px) 100vw, 300px\" \/><\/p>\n<h4>C&#8217;est cette farine de pierres emport\u00e9e par la pluie pour finir dans les lacs, les inondations, les vall\u00e9es ; la pluie a aussi emport\u00e9es des impuret\u00e9s ; une d&#8217;entr&#8217;elles a la m\u00eame densit\u00e9 et donc sera toujours pr\u00e9sente c&#8217;est l\u2019oxyde de fer.<\/h4>\n<p><img loading=\"lazy\" class=\"alignnone wp-image-363\" src=\"http:\/\/japeyr.fr\/wp-content\/uploads\/2019\/02\/WP_20160801_016-300x169.jpg\" alt=\"\" width=\"240\" height=\"135\" srcset=\"http:\/\/www.dequeker.com\/wp-content\/uploads\/2019\/02\/WP_20160801_016-300x169.jpg 300w, http:\/\/www.dequeker.com\/wp-content\/uploads\/2019\/02\/WP_20160801_016-768x432.jpg 768w, http:\/\/www.dequeker.com\/wp-content\/uploads\/2019\/02\/WP_20160801_016-1024x576.jpg 1024w\" sizes=\"(max-width: 240px) 100vw, 240px\" \/>\u00a0<img loading=\"lazy\" class=\"alignnone size-medium wp-image-382\" src=\"http:\/\/japeyr.fr\/wp-content\/uploads\/2019\/02\/WP_20160801_101-300x169.jpg\" alt=\"\" width=\"300\" height=\"169\" srcset=\"http:\/\/www.dequeker.com\/wp-content\/uploads\/2019\/02\/WP_20160801_101-300x169.jpg 300w, http:\/\/www.dequeker.com\/wp-content\/uploads\/2019\/02\/WP_20160801_101-768x432.jpg 768w, http:\/\/www.dequeker.com\/wp-content\/uploads\/2019\/02\/WP_20160801_101-1024x576.jpg 1024w\" sizes=\"(max-width: 300px) 100vw, 300px\" \/> <img loading=\"lazy\" class=\"alignnone size-medium wp-image-357\" src=\"http:\/\/japeyr.fr\/wp-content\/uploads\/2019\/02\/CIMG0597-300x225.jpg\" alt=\"\" width=\"300\" height=\"225\" srcset=\"http:\/\/www.dequeker.com\/wp-content\/uploads\/2019\/02\/CIMG0597-300x225.jpg 300w, http:\/\/www.dequeker.com\/wp-content\/uploads\/2019\/02\/CIMG0597.jpg 640w\" sizes=\"(max-width: 300px) 100vw, 300px\" \/> <img loading=\"lazy\" class=\"alignnone size-medium wp-image-354\" src=\"http:\/\/japeyr.fr\/wp-content\/uploads\/2019\/02\/20151201_162338-1-300x225.jpg\" alt=\"\" width=\"300\" height=\"225\" srcset=\"http:\/\/www.dequeker.com\/wp-content\/uploads\/2019\/02\/20151201_162338-1-300x225.jpg 300w, http:\/\/www.dequeker.com\/wp-content\/uploads\/2019\/02\/20151201_162338-1-768x576.jpg 768w, http:\/\/www.dequeker.com\/wp-content\/uploads\/2019\/02\/20151201_162338-1-1024x768.jpg 1024w, http:\/\/www.dequeker.com\/wp-content\/uploads\/2019\/02\/20151201_162338-1.jpg 2048w\" sizes=\"(max-width: 300px) 100vw, 300px\" \/> <img loading=\"lazy\" class=\"alignnone size-medium wp-image-355\" src=\"http:\/\/japeyr.fr\/wp-content\/uploads\/2019\/02\/20151201_162350-1-300x225.jpg\" alt=\"\" width=\"300\" height=\"225\" srcset=\"http:\/\/www.dequeker.com\/wp-content\/uploads\/2019\/02\/20151201_162350-1-300x225.jpg 300w, http:\/\/www.dequeker.com\/wp-content\/uploads\/2019\/02\/20151201_162350-1-768x576.jpg 768w, http:\/\/www.dequeker.com\/wp-content\/uploads\/2019\/02\/20151201_162350-1-1024x768.jpg 1024w, http:\/\/www.dequeker.com\/wp-content\/uploads\/2019\/02\/20151201_162350-1.jpg 2048w\" sizes=\"(max-width: 300px) 100vw, 300px\" \/><img loading=\"lazy\" class=\"alignnone size-medium wp-image-386\" src=\"http:\/\/japeyr.fr\/wp-content\/uploads\/2019\/02\/WP_20160801_113-169x300.jpg\" alt=\"\" width=\"169\" height=\"300\" srcset=\"http:\/\/www.dequeker.com\/wp-content\/uploads\/2019\/02\/WP_20160801_113-169x300.jpg 169w, http:\/\/www.dequeker.com\/wp-content\/uploads\/2019\/02\/WP_20160801_113-768x1365.jpg 768w, http:\/\/www.dequeker.com\/wp-content\/uploads\/2019\/02\/WP_20160801_113-576x1024.jpg 576w, http:\/\/www.dequeker.com\/wp-content\/uploads\/2019\/02\/WP_20160801_113.jpg 1728w\" sizes=\"(max-width: 169px) 100vw, 169px\" \/><img loading=\"lazy\" class=\"alignnone size-medium wp-image-388\" src=\"http:\/\/japeyr.fr\/wp-content\/uploads\/2019\/02\/WP_20160801_122-169x300.jpg\" alt=\"\" width=\"169\" height=\"300\" srcset=\"http:\/\/www.dequeker.com\/wp-content\/uploads\/2019\/02\/WP_20160801_122-169x300.jpg 169w, http:\/\/www.dequeker.com\/wp-content\/uploads\/2019\/02\/WP_20160801_122-768x1365.jpg 768w, http:\/\/www.dequeker.com\/wp-content\/uploads\/2019\/02\/WP_20160801_122-576x1024.jpg 576w, http:\/\/www.dequeker.com\/wp-content\/uploads\/2019\/02\/WP_20160801_122.jpg 1728w\" sizes=\"(max-width: 169px) 100vw, 169px\" \/><\/p>\n<h4>Elle est tramis\u00e9e au plus fin\u00a0 puis am\u00e9n\u00e9e \u00e0 son point de vitrification pour une solidit\u00e9 optimale.<\/h4>\n<p><img loading=\"lazy\" class=\"alignnone size-medium wp-image-385\" src=\"http:\/\/japeyr.fr\/wp-content\/uploads\/2019\/02\/WP_20160801_108-300x169.jpg\" alt=\"\" width=\"300\" height=\"169\" srcset=\"http:\/\/www.dequeker.com\/wp-content\/uploads\/2019\/02\/WP_20160801_108-300x169.jpg 300w, http:\/\/www.dequeker.com\/wp-content\/uploads\/2019\/02\/WP_20160801_108-768x432.jpg 768w, http:\/\/www.dequeker.com\/wp-content\/uploads\/2019\/02\/WP_20160801_108-1024x576.jpg 1024w\" sizes=\"(max-width: 300px) 100vw, 300px\" \/> <img loading=\"lazy\" class=\"alignnone size-medium wp-image-384\" src=\"http:\/\/japeyr.fr\/wp-content\/uploads\/2019\/02\/WP_20160801_106-169x300.jpg\" alt=\"\" width=\"169\" height=\"300\" srcset=\"http:\/\/www.dequeker.com\/wp-content\/uploads\/2019\/02\/WP_20160801_106-169x300.jpg 169w, http:\/\/www.dequeker.com\/wp-content\/uploads\/2019\/02\/WP_20160801_106-768x1365.jpg 768w, http:\/\/www.dequeker.com\/wp-content\/uploads\/2019\/02\/WP_20160801_106-576x1024.jpg 576w, http:\/\/www.dequeker.com\/wp-content\/uploads\/2019\/02\/WP_20160801_106.jpg 1728w\" sizes=\"(max-width: 169px) 100vw, 169px\" \/><\/p>\n<h4>Pour la diversit\u00e9 des produits, essentielle \u00e0 une commercialisation locale,\u00a0 <strong>nos pi\u00e8ces sont tourn\u00e9es \u00e0 la main.<\/strong><\/h4>\n<p><img loading=\"lazy\" class=\"alignnone size-medium wp-image-380\" src=\"http:\/\/japeyr.fr\/wp-content\/uploads\/2019\/02\/WP_20160801_085-300x169.jpg\" alt=\"\" width=\"300\" height=\"169\" srcset=\"http:\/\/www.dequeker.com\/wp-content\/uploads\/2019\/02\/WP_20160801_085-300x169.jpg 300w, http:\/\/www.dequeker.com\/wp-content\/uploads\/2019\/02\/WP_20160801_085-768x432.jpg 768w, http:\/\/www.dequeker.com\/wp-content\/uploads\/2019\/02\/WP_20160801_085-1024x576.jpg 1024w\" sizes=\"(max-width: 300px) 100vw, 300px\" \/><img loading=\"lazy\" class=\"alignnone size-medium wp-image-57\" src=\"http:\/\/japeyr.fr\/wp-content\/uploads\/2017\/11\/marche-300x143.jpg\" alt=\"\" width=\"300\" height=\"143\" \/> <img loading=\"lazy\" class=\"alignnone size-medium wp-image-183\" src=\"http:\/\/japeyr.fr\/wp-content\/uploads\/2018\/09\/WP_20160801_093-300x169.jpg\" alt=\"\" width=\"300\" height=\"169\" srcset=\"http:\/\/www.dequeker.com\/wp-content\/uploads\/2018\/09\/WP_20160801_093-300x169.jpg 300w, http:\/\/www.dequeker.com\/wp-content\/uploads\/2018\/09\/WP_20160801_093-768x432.jpg 768w, http:\/\/www.dequeker.com\/wp-content\/uploads\/2018\/09\/WP_20160801_093-1024x576.jpg 1024w\" sizes=\"(max-width: 300px) 100vw, 300px\" \/> <img loading=\"lazy\" class=\"alignnone size-medium wp-image-170\" src=\"http:\/\/japeyr.fr\/wp-content\/uploads\/2018\/09\/WP_20160801_052-300x169.jpg\" alt=\"\" width=\"300\" height=\"169\" srcset=\"http:\/\/www.dequeker.com\/wp-content\/uploads\/2018\/09\/WP_20160801_052-300x169.jpg 300w, http:\/\/www.dequeker.com\/wp-content\/uploads\/2018\/09\/WP_20160801_052-768x432.jpg 768w, http:\/\/www.dequeker.com\/wp-content\/uploads\/2018\/09\/WP_20160801_052-1024x576.jpg 1024w\" sizes=\"(max-width: 300px) 100vw, 300px\" \/> <img loading=\"lazy\" class=\"alignnone size-medium wp-image-171\" src=\"http:\/\/japeyr.fr\/wp-content\/uploads\/2018\/09\/WP_20160801_055-300x169.jpg\" alt=\"\" width=\"300\" height=\"169\" srcset=\"http:\/\/www.dequeker.com\/wp-content\/uploads\/2018\/09\/WP_20160801_055-300x169.jpg 300w, http:\/\/www.dequeker.com\/wp-content\/uploads\/2018\/09\/WP_20160801_055-768x432.jpg 768w, http:\/\/www.dequeker.com\/wp-content\/uploads\/2018\/09\/WP_20160801_055-1024x576.jpg 1024w\" sizes=\"(max-width: 300px) 100vw, 300px\" \/> <img loading=\"lazy\" class=\"alignnone size-medium wp-image-192\" src=\"http:\/\/japeyr.fr\/wp-content\/uploads\/2018\/09\/WP_20160801_115-300x169.jpg\" alt=\"\" width=\"300\" height=\"169\" srcset=\"http:\/\/www.dequeker.com\/wp-content\/uploads\/2018\/09\/WP_20160801_115-300x169.jpg 300w, http:\/\/www.dequeker.com\/wp-content\/uploads\/2018\/09\/WP_20160801_115-768x432.jpg 768w, http:\/\/www.dequeker.com\/wp-content\/uploads\/2018\/09\/WP_20160801_115-1024x576.jpg 1024w\" sizes=\"(max-width: 300px) 100vw, 300px\" \/><\/p>\n<ul>\n<li>\n<h5>Qualit\u00e9s:<\/h5>\n<ul>\n<li>\n<h4>Resiste au gel<\/h4>\n<\/li>\n<li>\n<h4>Resiste au micro-ondes<\/h4>\n<\/li>\n<li>\n<h4>Pour mettre au four: Eviter les chocs thermiques soudains<\/h4>\n<\/li>\n<li>\n<h4>r\u00e9siste au lave-vaisselle<\/h4>\n<\/li>\n<li>\n<h4>Les qualit\u00e9s et utilisations sont identiques \u00e0 celles de la porcelaine<\/h4>\n<\/li>\n<\/ul>\n<\/li>\n<\/ul>\n","protected":false},"excerpt":{"rendered":"<p>&nbsp; L&#8217;Argile que l&#8217;on utilise se trouve partout , elle est commun\u00e9ment appel\u00e9e terre glaise: &nbsp; C&#8217;est cette farine de pierres emport\u00e9e par la pluie pour finir dans les lacs, les inondations, les vall\u00e9es ; la pluie a aussi emport\u00e9es des impuret\u00e9s ; une d&#8217;entr&#8217;elles a la m\u00eame densit\u00e9 et donc sera toujours pr\u00e9sente c&#8217;est &hellip; <a href=\"http:\/\/www.dequeker.com\/en\/produits\/\" class=\"more-link\">Continue reading <span class=\"screen-reader-text\">Produits<\/span><\/a><\/p>\n","protected":false},"author":1,"featured_media":0,"parent":0,"menu_order":0,"comment_status":"closed","ping_status":"closed","template":"","meta":[],"_links":{"self":[{"href":"http:\/\/www.dequeker.com\/en\/wp-json\/wp\/v2\/pages\/6"}],"collection":[{"href":"http:\/\/www.dequeker.com\/en\/wp-json\/wp\/v2\/pages"}],"about":[{"href":"http:\/\/www.dequeker.com\/en\/wp-json\/wp\/v2\/types\/page"}],"author":[{"embeddable":true,"href":"http:\/\/www.dequeker.com\/en\/wp-json\/wp\/v2\/users\/1"}],"replies":[{"embeddable":true,"href":"http:\/\/www.dequeker.com\/en\/wp-json\/wp\/v2\/comments?post=6"}],"version-history":[{"count":20,"href":"http:\/\/www.dequeker.com\/en\/wp-json\/wp\/v2\/pages\/6\/revisions"}],"predecessor-version":[{"id":485,"href":"http:\/\/www.dequeker.com\/en\/wp-json\/wp\/v2\/pages\/6\/revisions\/485"}],"wp:attachment":[{"href":"http:\/\/www.dequeker.com\/en\/wp-json\/wp\/v2\/media?parent=6"}],"curies":[{"name":"wp","href":"https:\/\/api.w.org\/{rel}","templated":true}]}}